{"id":67175,"date":"2022-11-29T17:09:10","date_gmt":"2022-11-29T16:09:14","guid":{"rendered":"https:\/\/shop.theophile-patachou.com\/?post_type=product&#038;p=67175"},"modified":"2025-11-28T16:56:47","modified_gmt":"2025-11-28T15:56:47","slug":"gepersonaliseerdespeelgoedtas","status":"publish","type":"product","link":"https:\/\/shop.theophile-patachou.com\/nl\/product\/gepersonaliseerdespeelgoedtas\/","title":{"rendered":"Gepersonaliseerde speelgoedtas"},"content":{"rendered":"<p>Speelgoedtas met de voornaam van uw kind.<\/p>\n<p>Katoenen witte speelgoedtas. Bewaar kinderkamerspeelgoed in stijl.<\/p>\n<p>Afmeting: H 70cm &#8211; \u00a0diameter 34cm<br \/>\nwitte kleur<br \/>\nBorduurwerk: beige<\/p>\n<p>&nbsp;<\/p>\n<p>&nbsp;<\/p>\n","protected":false},"excerpt":{"rendered":"<h2>Speelgoedtas &#8211; gepersonaliseerd<\/h2>\n<p>Stel de kinderkamer van je dromen samen met de nieuwe Th\u00e9ophile &amp; Patachou speelgoedtas!<br \/>\nPersonaliseer de speelgoedtas met de voornaam van het kind voor een uniek aandenken.<\/p>\n<p>Collectie Cotton white<br \/>\nAfmeting: hoogte 70cm &#8211; diameter 34 cm<\/p>\n<p><strong>Gepersonaliseerde producten kunnen niet uitgewisseld of geretourneerd worden.<\/strong><\/p>\n<p>&nbsp;<\/p>\n<p>&nbsp;<\/p>\n","protected":false},"featured_media":67178,"template":"","meta":[],"product_brand":[],"product_cat":[1535,1531,442,1397,464],"product_tag":[653,1241],"class_list":{"0":"post-67175","1":"product","2":"type-product","3":"status-publish","4":"has-post-thumbnail","6":"product_cat-persinalisatie-t","7":"product_cat-personalisatie-nl","8":"product_cat-collectie-voor-kinderkamer","9":"product_cat-cotton-white-nl","10":"product_cat-deco-kamer","11":"product_tag-decoratie","12":"product_tag-wit","13":"wcpa_has_options","15":"first","16":"instock","17":"taxable","18":"shipping-taxable","19":"purchasable","20":"product-type-simple"},"yoast_head":"<!-- This site is optimized with the Yoast SEO plugin v26.9 - https:\/\/yoast.com\/product\/yoast-seo-wordpress\/ -->\n<title>gepersonaliseerde speelgoedtas - Th\u00e9ophile et Patachou<\/title>\n<meta name=\"description\" content=\"Versier de babykamer met de speelgoedtas gewafeld Th\u00e9ophile &amp; Patachou gepersonaliseerde speelgoedtas uit de cotton white collectie.\" \/>\n<meta name=\"robots\" content=\"index, follow, max-snippet:-1, max-image-preview:large, max-video-preview:-1\" \/>\n<link rel=\"canonical\" href=\"https:\/\/shop.theophile-patachou.com\/nl\/product\/gepersonaliseerdespeelgoedtas\/\" \/>\n<meta property=\"og:locale\" content=\"nl_NL\" \/>\n<meta property=\"og:type\" content=\"article\" \/>\n<meta property=\"og:title\" content=\"gepersonaliseerde speelgoedtas - Th\u00e9ophile et Patachou\" \/>\n<meta property=\"og:description\" content=\"Versier de babykamer met de speelgoedtas gewafeld Th\u00e9ophile &amp; Patachou gepersonaliseerde speelgoedtas uit de cotton white collectie.\" \/>\n<meta property=\"og:url\" content=\"https:\/\/shop.theophile-patachou.com\/nl\/product\/gepersonaliseerdespeelgoedtas\/\" \/>\n<meta property=\"og:site_name\" content=\"Th\u00e9ophile et Patachou\" \/>\n<meta property=\"article:publisher\" content=\"https:\/\/www.facebook.com\/Th%c3%a9ophile-Patachou-197829346970085\/\" \/>\n<meta property=\"article:modified_time\" content=\"2025-11-28T15:56:47+00:00\" \/>\n<meta property=\"og:image\" content=\"https:\/\/shop.theophile-patachou.com\/wp-content\/uploads\/2022\/11\/DZ9_4716tp-1.jpg\" \/>\n\t<meta property=\"og:image:width\" content=\"1200\" \/>\n\t<meta property=\"og:image:height\" content=\"1200\" \/>\n\t<meta property=\"og:image:type\" content=\"image\/jpeg\" \/>\n<meta name=\"twitter:card\" content=\"summary_large_image\" \/>\n<meta name=\"twitter:site\" content=\"@TPBelgium\" \/>\n<meta name=\"twitter:label1\" content=\"Geschatte leestijd\" \/>\n\t<meta name=\"twitter:data1\" content=\"1 minuut\" \/>\n<script type=\"application\/ld+json\" class=\"yoast-schema-graph\">{\"@context\":\"https:\/\/schema.org\",\"@graph\":[{\"@type\":\"WebPage\",\"@id\":\"https:\/\/shop.theophile-patachou.com\/nl\/product\/gepersonaliseerdespeelgoedtas\/\",\"url\":\"https:\/\/shop.theophile-patachou.com\/nl\/product\/gepersonaliseerdespeelgoedtas\/\",\"name\":\"gepersonaliseerde speelgoedtas - Th\u00e9ophile et Patachou\",\"isPartOf\":{\"@id\":\"https:\/\/shop.theophile-patachou.com\/nl\/#website\"},\"primaryImageOfPage\":{\"@id\":\"https:\/\/shop.theophile-patachou.com\/nl\/product\/gepersonaliseerdespeelgoedtas\/#primaryimage\"},\"image\":{\"@id\":\"https:\/\/shop.theophile-patachou.com\/nl\/product\/gepersonaliseerdespeelgoedtas\/#primaryimage\"},\"thumbnailUrl\":\"https:\/\/shop.theophile-patachou.com\/wp-content\/uploads\/2022\/11\/DZ9_4716tp-1.jpg\",\"datePublished\":\"2022-11-29T16:09:14+00:00\",\"dateModified\":\"2025-11-28T15:56:47+00:00\",\"description\":\"Versier de babykamer met de speelgoedtas gewafeld Th\u00e9ophile & Patachou gepersonaliseerde speelgoedtas uit de cotton white collectie.\",\"breadcrumb\":{\"@id\":\"https:\/\/shop.theophile-patachou.com\/nl\/product\/gepersonaliseerdespeelgoedtas\/#breadcrumb\"},\"inLanguage\":\"nl-NL\",\"potentialAction\":[{\"@type\":\"ReadAction\",\"target\":[\"https:\/\/shop.theophile-patachou.com\/nl\/product\/gepersonaliseerdespeelgoedtas\/\"]}]},{\"@type\":\"ImageObject\",\"inLanguage\":\"nl-NL\",\"@id\":\"https:\/\/shop.theophile-patachou.com\/nl\/product\/gepersonaliseerdespeelgoedtas\/#primaryimage\",\"url\":\"https:\/\/shop.theophile-patachou.com\/wp-content\/uploads\/2022\/11\/DZ9_4716tp-1.jpg\",\"contentUrl\":\"https:\/\/shop.theophile-patachou.com\/wp-content\/uploads\/2022\/11\/DZ9_4716tp-1.jpg\",\"width\":1200,\"height\":1200},{\"@type\":\"BreadcrumbList\",\"@id\":\"https:\/\/shop.theophile-patachou.com\/nl\/product\/gepersonaliseerdespeelgoedtas\/#breadcrumb\",\"itemListElement\":[{\"@type\":\"ListItem\",\"position\":1,\"name\":\"Accueil\",\"item\":\"https:\/\/shop.theophile-patachou.com\/nl\/\"},{\"@type\":\"ListItem\",\"position\":2,\"name\":\"Producten\",\"item\":\"https:\/\/shop.theophile-patachou.com\/nl\/shop\/\"},{\"@type\":\"ListItem\",\"position\":3,\"name\":\"Gepersonaliseerde speelgoedtas\"}]},{\"@type\":\"WebSite\",\"@id\":\"https:\/\/shop.theophile-patachou.com\/nl\/#website\",\"url\":\"https:\/\/shop.theophile-patachou.com\/nl\/\",\"name\":\"Th\u00e9ophile et Patachou\",\"description\":\"Mobilier &amp; accessoires pour b\u00e9b\u00e9\",\"publisher\":{\"@id\":\"https:\/\/shop.theophile-patachou.com\/nl\/#organization\"},\"potentialAction\":[{\"@type\":\"SearchAction\",\"target\":{\"@type\":\"EntryPoint\",\"urlTemplate\":\"https:\/\/shop.theophile-patachou.com\/nl\/?s={search_term_string}\"},\"query-input\":{\"@type\":\"PropertyValueSpecification\",\"valueRequired\":true,\"valueName\":\"search_term_string\"}}],\"inLanguage\":\"nl-NL\"},{\"@type\":\"Organization\",\"@id\":\"https:\/\/shop.theophile-patachou.com\/nl\/#organization\",\"name\":\"Th\u00e9ophile & Patachou\",\"url\":\"https:\/\/shop.theophile-patachou.com\/nl\/\",\"logo\":{\"@type\":\"ImageObject\",\"inLanguage\":\"nl-NL\",\"@id\":\"https:\/\/shop.theophile-patachou.com\/nl\/#\/schema\/logo\/image\/\",\"url\":\"https:\/\/shop.theophile-patachou.com\/wp-content\/uploads\/2014\/12\/site-login-logo.png\",\"contentUrl\":\"https:\/\/shop.theophile-patachou.com\/wp-content\/uploads\/2014\/12\/site-login-logo.png\",\"width\":300,\"height\":150,\"caption\":\"Th\u00e9ophile & Patachou\"},\"image\":{\"@id\":\"https:\/\/shop.theophile-patachou.com\/nl\/#\/schema\/logo\/image\/\"},\"sameAs\":[\"https:\/\/www.facebook.com\/Th\u00e9ophile-Patachou-197829346970085\/\",\"https:\/\/x.com\/TPBelgium\",\"https:\/\/instagram.com\/theophile_patachou\/\",\"https:\/\/www.pinterest.com\/ThPat\/\"]}]}<\/script>\n<!-- \/ Yoast SEO plugin. -->","yoast_head_json":{"title":"gepersonaliseerde speelgoedtas - Th\u00e9ophile et Patachou","description":"Versier de babykamer met de speelgoedtas gewafeld Th\u00e9ophile & Patachou gepersonaliseerde speelgoedtas uit de cotton white collectie.","robots":{"index":"index","follow":"follow","max-snippet":"max-snippet:-1","max-image-preview":"max-image-preview:large","max-video-preview":"max-video-preview:-1"},"canonical":"https:\/\/shop.theophile-patachou.com\/nl\/product\/gepersonaliseerdespeelgoedtas\/","og_locale":"nl_NL","og_type":"article","og_title":"gepersonaliseerde speelgoedtas - Th\u00e9ophile et Patachou","og_description":"Versier de babykamer met de speelgoedtas gewafeld Th\u00e9ophile & Patachou gepersonaliseerde speelgoedtas uit de cotton white collectie.","og_url":"https:\/\/shop.theophile-patachou.com\/nl\/product\/gepersonaliseerdespeelgoedtas\/","og_site_name":"Th\u00e9ophile et Patachou","article_publisher":"https:\/\/www.facebook.com\/Th%c3%a9ophile-Patachou-197829346970085\/","article_modified_time":"2025-11-28T15:56:47+00:00","og_image":[{"width":1200,"height":1200,"url":"https:\/\/shop.theophile-patachou.com\/wp-content\/uploads\/2022\/11\/DZ9_4716tp-1.jpg","type":"image\/jpeg"}],"twitter_card":"summary_large_image","twitter_site":"@TPBelgium","twitter_misc":{"Geschatte leestijd":"1 minuut"},"schema":{"@context":"https:\/\/schema.org","@graph":[{"@type":"WebPage","@id":"https:\/\/shop.theophile-patachou.com\/nl\/product\/gepersonaliseerdespeelgoedtas\/","url":"https:\/\/shop.theophile-patachou.com\/nl\/product\/gepersonaliseerdespeelgoedtas\/","name":"gepersonaliseerde speelgoedtas - Th\u00e9ophile et Patachou","isPartOf":{"@id":"https:\/\/shop.theophile-patachou.com\/nl\/#website"},"primaryImageOfPage":{"@id":"https:\/\/shop.theophile-patachou.com\/nl\/product\/gepersonaliseerdespeelgoedtas\/#primaryimage"},"image":{"@id":"https:\/\/shop.theophile-patachou.com\/nl\/product\/gepersonaliseerdespeelgoedtas\/#primaryimage"},"thumbnailUrl":"https:\/\/shop.theophile-patachou.com\/wp-content\/uploads\/2022\/11\/DZ9_4716tp-1.jpg","datePublished":"2022-11-29T16:09:14+00:00","dateModified":"2025-11-28T15:56:47+00:00","description":"Versier de babykamer met de speelgoedtas gewafeld Th\u00e9ophile & Patachou gepersonaliseerde speelgoedtas uit de cotton white collectie.","breadcrumb":{"@id":"https:\/\/shop.theophile-patachou.com\/nl\/product\/gepersonaliseerdespeelgoedtas\/#breadcrumb"},"inLanguage":"nl-NL","potentialAction":[{"@type":"ReadAction","target":["https:\/\/shop.theophile-patachou.com\/nl\/product\/gepersonaliseerdespeelgoedtas\/"]}]},{"@type":"ImageObject","inLanguage":"nl-NL","@id":"https:\/\/shop.theophile-patachou.com\/nl\/product\/gepersonaliseerdespeelgoedtas\/#primaryimage","url":"https:\/\/shop.theophile-patachou.com\/wp-content\/uploads\/2022\/11\/DZ9_4716tp-1.jpg","contentUrl":"https:\/\/shop.theophile-patachou.com\/wp-content\/uploads\/2022\/11\/DZ9_4716tp-1.jpg","width":1200,"height":1200},{"@type":"BreadcrumbList","@id":"https:\/\/shop.theophile-patachou.com\/nl\/product\/gepersonaliseerdespeelgoedtas\/#breadcrumb","itemListElement":[{"@type":"ListItem","position":1,"name":"Accueil","item":"https:\/\/shop.theophile-patachou.com\/nl\/"},{"@type":"ListItem","position":2,"name":"Producten","item":"https:\/\/shop.theophile-patachou.com\/nl\/shop\/"},{"@type":"ListItem","position":3,"name":"Gepersonaliseerde speelgoedtas"}]},{"@type":"WebSite","@id":"https:\/\/shop.theophile-patachou.com\/nl\/#website","url":"https:\/\/shop.theophile-patachou.com\/nl\/","name":"Th\u00e9ophile et Patachou","description":"Mobilier &amp; accessoires pour b\u00e9b\u00e9","publisher":{"@id":"https:\/\/shop.theophile-patachou.com\/nl\/#organization"},"potentialAction":[{"@type":"SearchAction","target":{"@type":"EntryPoint","urlTemplate":"https:\/\/shop.theophile-patachou.com\/nl\/?s={search_term_string}"},"query-input":{"@type":"PropertyValueSpecification","valueRequired":true,"valueName":"search_term_string"}}],"inLanguage":"nl-NL"},{"@type":"Organization","@id":"https:\/\/shop.theophile-patachou.com\/nl\/#organization","name":"Th\u00e9ophile & Patachou","url":"https:\/\/shop.theophile-patachou.com\/nl\/","logo":{"@type":"ImageObject","inLanguage":"nl-NL","@id":"https:\/\/shop.theophile-patachou.com\/nl\/#\/schema\/logo\/image\/","url":"https:\/\/shop.theophile-patachou.com\/wp-content\/uploads\/2014\/12\/site-login-logo.png","contentUrl":"https:\/\/shop.theophile-patachou.com\/wp-content\/uploads\/2014\/12\/site-login-logo.png","width":300,"height":150,"caption":"Th\u00e9ophile & Patachou"},"image":{"@id":"https:\/\/shop.theophile-patachou.com\/nl\/#\/schema\/logo\/image\/"},"sameAs":["https:\/\/www.facebook.com\/Th\u00e9ophile-Patachou-197829346970085\/","https:\/\/x.com\/TPBelgium","https:\/\/instagram.com\/theophile_patachou\/","https:\/\/www.pinterest.com\/ThPat\/"]}]}},"_links":{"self":[{"href":"https:\/\/shop.theophile-patachou.com\/nl\/wp-json\/wp\/v2\/product\/67175","targetHints":{"allow":["GET"]}}],"collection":[{"href":"https:\/\/shop.theophile-patachou.com\/nl\/wp-json\/wp\/v2\/product"}],"about":[{"href":"https:\/\/shop.theophile-patachou.com\/nl\/wp-json\/wp\/v2\/types\/product"}],"wp:featuredmedia":[{"embeddable":true,"href":"https:\/\/shop.theophile-patachou.com\/nl\/wp-json\/wp\/v2\/media\/67178"}],"wp:attachment":[{"href":"https:\/\/shop.theophile-patachou.com\/nl\/wp-json\/wp\/v2\/media?parent=67175"}],"wp:term":[{"taxonomy":"product_brand","embeddable":true,"href":"https:\/\/shop.theophile-patachou.com\/nl\/wp-json\/wp\/v2\/product_brand?post=67175"},{"taxonomy":"product_cat","embeddable":true,"href":"https:\/\/shop.theophile-patachou.com\/nl\/wp-json\/wp\/v2\/product_cat?post=67175"},{"taxonomy":"product_tag","embeddable":true,"href":"https:\/\/shop.theophile-patachou.com\/nl\/wp-json\/wp\/v2\/product_tag?post=67175"}],"curies":[{"name":"wp","href":"https:\/\/api.w.org\/{rel}","templated":true}]}}