{"id":69195,"date":"2023-05-18T12:03:27","date_gmt":"2023-05-18T11:03:28","guid":{"rendered":"https:\/\/shop.theophile-patachou.com\/?post_type=product&#038;p=69195"},"modified":"2024-11-24T10:46:29","modified_gmt":"2024-11-24T09:46:29","slug":"baby-bedbeschermer-70-cm-classic-car","status":"publish","type":"product","link":"https:\/\/shop.theophile-patachou.com\/nl\/product\/baby-bedbeschermer-70-cm-classic-car\/","title":{"rendered":"Bedbeschermer 70 cm Classic Car"},"content":{"rendered":"<p>(70x70x70cm) Hoogte 32cm<\/p>\n","protected":false},"excerpt":{"rendered":"<h2>Bedbeschermer 70 cm &#8211;\u00a0Classic Car<\/h2>\n<p>Voor <strong>baby ledikant<\/strong>\u00a070 x 140 cm<br \/>\nBevestig het snel rond het bed dankzij het samenknopen van de linten. Zijn dikheid beschermt effici\u00ebnt het hoofd van de baby.<\/p>\n","protected":false},"featured_media":68617,"template":"","meta":[],"product_brand":[],"product_cat":[442,1563,468],"product_tag":[480,482],"class_list":{"0":"post-69195","1":"product","2":"type-product","3":"status-publish","4":"has-post-thumbnail","6":"product_cat-collectie-voor-kinderkamer","7":"product_cat-classic-car-nl","8":"product_cat-beddengoed","9":"product_tag-beddengoed","10":"product_tag-bedbeschermer","12":"first","13":"instock","14":"taxable","15":"shipping-taxable","16":"purchasable","17":"product-type-simple"},"yoast_head":"<!-- This site is optimized with the Yoast SEO plugin v26.9 - https:\/\/yoast.com\/product\/yoast-seo-wordpress\/ -->\n<title>Bedbeschermer 70 cm Classic Car voor baby - Th\u00e9ophile et Patachou<\/title>\n<meta name=\"description\" content=\"Baby bedbeschermer 70 cm - Classic Car. Voor baby ledikant 70 x 140 cm. Bevestig het snel rond het bed dankzij het samenknopen van de linten.\" \/>\n<meta name=\"robots\" content=\"index, follow, max-snippet:-1, max-image-preview:large, max-video-preview:-1\" \/>\n<link rel=\"canonical\" href=\"https:\/\/shop.theophile-patachou.com\/nl\/product\/baby-bedbeschermer-70-cm-classic-car\/\" \/>\n<meta property=\"og:locale\" content=\"nl_NL\" \/>\n<meta property=\"og:type\" content=\"article\" \/>\n<meta property=\"og:title\" content=\"Bedbeschermer 70 cm Classic Car voor baby - Th\u00e9ophile et Patachou\" \/>\n<meta property=\"og:description\" content=\"Baby bedbeschermer 70 cm - Classic Car. Voor baby ledikant 70 x 140 cm. Bevestig het snel rond het bed dankzij het samenknopen van de linten.\" \/>\n<meta property=\"og:url\" content=\"https:\/\/shop.theophile-patachou.com\/nl\/product\/baby-bedbeschermer-70-cm-classic-car\/\" \/>\n<meta property=\"og:site_name\" content=\"Th\u00e9ophile et Patachou\" \/>\n<meta property=\"article:publisher\" content=\"https:\/\/www.facebook.com\/Th%c3%a9ophile-Patachou-197829346970085\/\" \/>\n<meta property=\"article:modified_time\" content=\"2024-11-24T09:46:29+00:00\" \/>\n<meta property=\"og:image\" content=\"https:\/\/shop.theophile-patachou.com\/wp-content\/uploads\/2023\/03\/T.CC60.jpg\" \/>\n\t<meta property=\"og:image:width\" content=\"1200\" \/>\n\t<meta property=\"og:image:height\" content=\"1200\" \/>\n\t<meta property=\"og:image:type\" content=\"image\/jpeg\" \/>\n<meta name=\"twitter:card\" content=\"summary_large_image\" \/>\n<meta name=\"twitter:site\" content=\"@TPBelgium\" \/>\n<meta name=\"twitter:label1\" content=\"Geschatte leestijd\" \/>\n\t<meta name=\"twitter:data1\" content=\"1 minuut\" \/>\n<script type=\"application\/ld+json\" class=\"yoast-schema-graph\">{\"@context\":\"https:\/\/schema.org\",\"@graph\":[{\"@type\":\"WebPage\",\"@id\":\"https:\/\/shop.theophile-patachou.com\/nl\/product\/baby-bedbeschermer-70-cm-classic-car\/\",\"url\":\"https:\/\/shop.theophile-patachou.com\/nl\/product\/baby-bedbeschermer-70-cm-classic-car\/\",\"name\":\"Bedbeschermer 70 cm Classic Car voor baby - Th\u00e9ophile et Patachou\",\"isPartOf\":{\"@id\":\"https:\/\/shop.theophile-patachou.com\/nl\/#website\"},\"primaryImageOfPage\":{\"@id\":\"https:\/\/shop.theophile-patachou.com\/nl\/product\/baby-bedbeschermer-70-cm-classic-car\/#primaryimage\"},\"image\":{\"@id\":\"https:\/\/shop.theophile-patachou.com\/nl\/product\/baby-bedbeschermer-70-cm-classic-car\/#primaryimage\"},\"thumbnailUrl\":\"https:\/\/shop.theophile-patachou.com\/wp-content\/uploads\/2023\/03\/T.CC60.jpg\",\"datePublished\":\"2023-05-18T11:03:28+00:00\",\"dateModified\":\"2024-11-24T09:46:29+00:00\",\"description\":\"Baby bedbeschermer 70 cm - Classic Car. Voor baby ledikant 70 x 140 cm. Bevestig het snel rond het bed dankzij het samenknopen van de linten.\",\"breadcrumb\":{\"@id\":\"https:\/\/shop.theophile-patachou.com\/nl\/product\/baby-bedbeschermer-70-cm-classic-car\/#breadcrumb\"},\"inLanguage\":\"nl-NL\",\"potentialAction\":[{\"@type\":\"ReadAction\",\"target\":[\"https:\/\/shop.theophile-patachou.com\/nl\/product\/baby-bedbeschermer-70-cm-classic-car\/\"]}]},{\"@type\":\"ImageObject\",\"inLanguage\":\"nl-NL\",\"@id\":\"https:\/\/shop.theophile-patachou.com\/nl\/product\/baby-bedbeschermer-70-cm-classic-car\/#primaryimage\",\"url\":\"https:\/\/shop.theophile-patachou.com\/wp-content\/uploads\/2023\/03\/T.CC60.jpg\",\"contentUrl\":\"https:\/\/shop.theophile-patachou.com\/wp-content\/uploads\/2023\/03\/T.CC60.jpg\",\"width\":1200,\"height\":1200},{\"@type\":\"BreadcrumbList\",\"@id\":\"https:\/\/shop.theophile-patachou.com\/nl\/product\/baby-bedbeschermer-70-cm-classic-car\/#breadcrumb\",\"itemListElement\":[{\"@type\":\"ListItem\",\"position\":1,\"name\":\"Accueil\",\"item\":\"https:\/\/shop.theophile-patachou.com\/nl\/\"},{\"@type\":\"ListItem\",\"position\":2,\"name\":\"Producten\",\"item\":\"https:\/\/shop.theophile-patachou.com\/nl\/shop\/\"},{\"@type\":\"ListItem\",\"position\":3,\"name\":\"Bedbeschermer 70 cm Classic Car\"}]},{\"@type\":\"WebSite\",\"@id\":\"https:\/\/shop.theophile-patachou.com\/nl\/#website\",\"url\":\"https:\/\/shop.theophile-patachou.com\/nl\/\",\"name\":\"Th\u00e9ophile et Patachou\",\"description\":\"Mobilier &amp; accessoires pour b\u00e9b\u00e9\",\"publisher\":{\"@id\":\"https:\/\/shop.theophile-patachou.com\/nl\/#organization\"},\"potentialAction\":[{\"@type\":\"SearchAction\",\"target\":{\"@type\":\"EntryPoint\",\"urlTemplate\":\"https:\/\/shop.theophile-patachou.com\/nl\/?s={search_term_string}\"},\"query-input\":{\"@type\":\"PropertyValueSpecification\",\"valueRequired\":true,\"valueName\":\"search_term_string\"}}],\"inLanguage\":\"nl-NL\"},{\"@type\":\"Organization\",\"@id\":\"https:\/\/shop.theophile-patachou.com\/nl\/#organization\",\"name\":\"Th\u00e9ophile & Patachou\",\"url\":\"https:\/\/shop.theophile-patachou.com\/nl\/\",\"logo\":{\"@type\":\"ImageObject\",\"inLanguage\":\"nl-NL\",\"@id\":\"https:\/\/shop.theophile-patachou.com\/nl\/#\/schema\/logo\/image\/\",\"url\":\"https:\/\/shop.theophile-patachou.com\/wp-content\/uploads\/2014\/12\/site-login-logo.png\",\"contentUrl\":\"https:\/\/shop.theophile-patachou.com\/wp-content\/uploads\/2014\/12\/site-login-logo.png\",\"width\":300,\"height\":150,\"caption\":\"Th\u00e9ophile & Patachou\"},\"image\":{\"@id\":\"https:\/\/shop.theophile-patachou.com\/nl\/#\/schema\/logo\/image\/\"},\"sameAs\":[\"https:\/\/www.facebook.com\/Th\u00e9ophile-Patachou-197829346970085\/\",\"https:\/\/x.com\/TPBelgium\",\"https:\/\/instagram.com\/theophile_patachou\/\",\"https:\/\/www.pinterest.com\/ThPat\/\"]}]}<\/script>\n<!-- \/ Yoast SEO plugin. -->","yoast_head_json":{"title":"Bedbeschermer 70 cm Classic Car voor baby - Th\u00e9ophile et Patachou","description":"Baby bedbeschermer 70 cm - Classic Car. Voor baby ledikant 70 x 140 cm. Bevestig het snel rond het bed dankzij het samenknopen van de linten.","robots":{"index":"index","follow":"follow","max-snippet":"max-snippet:-1","max-image-preview":"max-image-preview:large","max-video-preview":"max-video-preview:-1"},"canonical":"https:\/\/shop.theophile-patachou.com\/nl\/product\/baby-bedbeschermer-70-cm-classic-car\/","og_locale":"nl_NL","og_type":"article","og_title":"Bedbeschermer 70 cm Classic Car voor baby - Th\u00e9ophile et Patachou","og_description":"Baby bedbeschermer 70 cm - Classic Car. Voor baby ledikant 70 x 140 cm. Bevestig het snel rond het bed dankzij het samenknopen van de linten.","og_url":"https:\/\/shop.theophile-patachou.com\/nl\/product\/baby-bedbeschermer-70-cm-classic-car\/","og_site_name":"Th\u00e9ophile et Patachou","article_publisher":"https:\/\/www.facebook.com\/Th%c3%a9ophile-Patachou-197829346970085\/","article_modified_time":"2024-11-24T09:46:29+00:00","og_image":[{"width":1200,"height":1200,"url":"https:\/\/shop.theophile-patachou.com\/wp-content\/uploads\/2023\/03\/T.CC60.jpg","type":"image\/jpeg"}],"twitter_card":"summary_large_image","twitter_site":"@TPBelgium","twitter_misc":{"Geschatte leestijd":"1 minuut"},"schema":{"@context":"https:\/\/schema.org","@graph":[{"@type":"WebPage","@id":"https:\/\/shop.theophile-patachou.com\/nl\/product\/baby-bedbeschermer-70-cm-classic-car\/","url":"https:\/\/shop.theophile-patachou.com\/nl\/product\/baby-bedbeschermer-70-cm-classic-car\/","name":"Bedbeschermer 70 cm Classic Car voor baby - Th\u00e9ophile et Patachou","isPartOf":{"@id":"https:\/\/shop.theophile-patachou.com\/nl\/#website"},"primaryImageOfPage":{"@id":"https:\/\/shop.theophile-patachou.com\/nl\/product\/baby-bedbeschermer-70-cm-classic-car\/#primaryimage"},"image":{"@id":"https:\/\/shop.theophile-patachou.com\/nl\/product\/baby-bedbeschermer-70-cm-classic-car\/#primaryimage"},"thumbnailUrl":"https:\/\/shop.theophile-patachou.com\/wp-content\/uploads\/2023\/03\/T.CC60.jpg","datePublished":"2023-05-18T11:03:28+00:00","dateModified":"2024-11-24T09:46:29+00:00","description":"Baby bedbeschermer 70 cm - Classic Car. Voor baby ledikant 70 x 140 cm. Bevestig het snel rond het bed dankzij het samenknopen van de linten.","breadcrumb":{"@id":"https:\/\/shop.theophile-patachou.com\/nl\/product\/baby-bedbeschermer-70-cm-classic-car\/#breadcrumb"},"inLanguage":"nl-NL","potentialAction":[{"@type":"ReadAction","target":["https:\/\/shop.theophile-patachou.com\/nl\/product\/baby-bedbeschermer-70-cm-classic-car\/"]}]},{"@type":"ImageObject","inLanguage":"nl-NL","@id":"https:\/\/shop.theophile-patachou.com\/nl\/product\/baby-bedbeschermer-70-cm-classic-car\/#primaryimage","url":"https:\/\/shop.theophile-patachou.com\/wp-content\/uploads\/2023\/03\/T.CC60.jpg","contentUrl":"https:\/\/shop.theophile-patachou.com\/wp-content\/uploads\/2023\/03\/T.CC60.jpg","width":1200,"height":1200},{"@type":"BreadcrumbList","@id":"https:\/\/shop.theophile-patachou.com\/nl\/product\/baby-bedbeschermer-70-cm-classic-car\/#breadcrumb","itemListElement":[{"@type":"ListItem","position":1,"name":"Accueil","item":"https:\/\/shop.theophile-patachou.com\/nl\/"},{"@type":"ListItem","position":2,"name":"Producten","item":"https:\/\/shop.theophile-patachou.com\/nl\/shop\/"},{"@type":"ListItem","position":3,"name":"Bedbeschermer 70 cm Classic Car"}]},{"@type":"WebSite","@id":"https:\/\/shop.theophile-patachou.com\/nl\/#website","url":"https:\/\/shop.theophile-patachou.com\/nl\/","name":"Th\u00e9ophile et Patachou","description":"Mobilier &amp; accessoires pour b\u00e9b\u00e9","publisher":{"@id":"https:\/\/shop.theophile-patachou.com\/nl\/#organization"},"potentialAction":[{"@type":"SearchAction","target":{"@type":"EntryPoint","urlTemplate":"https:\/\/shop.theophile-patachou.com\/nl\/?s={search_term_string}"},"query-input":{"@type":"PropertyValueSpecification","valueRequired":true,"valueName":"search_term_string"}}],"inLanguage":"nl-NL"},{"@type":"Organization","@id":"https:\/\/shop.theophile-patachou.com\/nl\/#organization","name":"Th\u00e9ophile & Patachou","url":"https:\/\/shop.theophile-patachou.com\/nl\/","logo":{"@type":"ImageObject","inLanguage":"nl-NL","@id":"https:\/\/shop.theophile-patachou.com\/nl\/#\/schema\/logo\/image\/","url":"https:\/\/shop.theophile-patachou.com\/wp-content\/uploads\/2014\/12\/site-login-logo.png","contentUrl":"https:\/\/shop.theophile-patachou.com\/wp-content\/uploads\/2014\/12\/site-login-logo.png","width":300,"height":150,"caption":"Th\u00e9ophile & Patachou"},"image":{"@id":"https:\/\/shop.theophile-patachou.com\/nl\/#\/schema\/logo\/image\/"},"sameAs":["https:\/\/www.facebook.com\/Th\u00e9ophile-Patachou-197829346970085\/","https:\/\/x.com\/TPBelgium","https:\/\/instagram.com\/theophile_patachou\/","https:\/\/www.pinterest.com\/ThPat\/"]}]}},"_links":{"self":[{"href":"https:\/\/shop.theophile-patachou.com\/nl\/wp-json\/wp\/v2\/product\/69195","targetHints":{"allow":["GET"]}}],"collection":[{"href":"https:\/\/shop.theophile-patachou.com\/nl\/wp-json\/wp\/v2\/product"}],"about":[{"href":"https:\/\/shop.theophile-patachou.com\/nl\/wp-json\/wp\/v2\/types\/product"}],"wp:featuredmedia":[{"embeddable":true,"href":"https:\/\/shop.theophile-patachou.com\/nl\/wp-json\/wp\/v2\/media\/68617"}],"wp:attachment":[{"href":"https:\/\/shop.theophile-patachou.com\/nl\/wp-json\/wp\/v2\/media?parent=69195"}],"wp:term":[{"taxonomy":"product_brand","embeddable":true,"href":"https:\/\/shop.theophile-patachou.com\/nl\/wp-json\/wp\/v2\/product_brand?post=69195"},{"taxonomy":"product_cat","embeddable":true,"href":"https:\/\/shop.theophile-patachou.com\/nl\/wp-json\/wp\/v2\/product_cat?post=69195"},{"taxonomy":"product_tag","embeddable":true,"href":"https:\/\/shop.theophile-patachou.com\/nl\/wp-json\/wp\/v2\/product_tag?post=69195"}],"curies":[{"name":"wp","href":"https:\/\/api.w.org\/{rel}","templated":true}]}}