{"id":69300,"date":"2023-05-19T11:58:27","date_gmt":"2023-05-19T10:58:28","guid":{"rendered":"https:\/\/shop.theophile-patachou.com\/?post_type=product&#038;p=69300"},"modified":"2024-11-29T20:18:46","modified_gmt":"2024-11-29T19:18:46","slug":"kussen-24","status":"publish","type":"product","link":"https:\/\/shop.theophile-patachou.com\/nl\/product\/kussen-24\/","title":{"rendered":"Effen kussen"},"content":{"rendered":"","protected":false},"excerpt":{"rendered":"<h2><strong>Effen kussen van het thema &#8220;Classic Car&#8221;<\/strong>:<\/h2>\n<p><strong>Kussen van het &#8220;Classic car&#8221; thema<\/strong> voegt een elegant tintje aan de inrichting van <strong>de babykamer<\/strong>.<\/p>\n<p>Afneembaar om het wassen te vergemakkelijken.<\/p>\n<p>delicaat gestreepte katoen !<\/p>\n<p>maat 40&#215;40 cm<\/p>\n","protected":false},"featured_media":68263,"template":"","meta":[],"product_brand":[],"product_cat":[442,1563,468],"product_tag":[480,558],"class_list":{"0":"post-69300","1":"product","2":"type-product","3":"status-publish","4":"has-post-thumbnail","6":"product_cat-collectie-voor-kinderkamer","7":"product_cat-classic-car-nl","8":"product_cat-beddengoed","9":"product_tag-beddengoed","10":"product_tag-kussen","12":"first","13":"instock","14":"taxable","15":"shipping-taxable","16":"purchasable","17":"product-type-simple"},"yoast_head":"<!-- This site is optimized with the Yoast SEO plugin v26.9 - https:\/\/yoast.com\/product\/yoast-seo-wordpress\/ -->\n<title>Effen kussen Classic Car - Th\u00e9ophile et Patachou<\/title>\n<meta name=\"description\" content=\"Kussen van het &quot;Classic Car&quot; thema voegt een elegant tintje aan de inrichting van de babykamer. Afneembaar om het wassen te vergemakkelijken.\" \/>\n<meta name=\"robots\" content=\"index, follow, max-snippet:-1, max-image-preview:large, max-video-preview:-1\" \/>\n<link rel=\"canonical\" href=\"https:\/\/shop.theophile-patachou.com\/nl\/product\/kussen-24\/\" \/>\n<meta property=\"og:locale\" content=\"nl_NL\" \/>\n<meta property=\"og:type\" content=\"article\" \/>\n<meta property=\"og:title\" content=\"Effen kussen Classic Car - Th\u00e9ophile et Patachou\" \/>\n<meta property=\"og:description\" content=\"Kussen van het &quot;Classic Car&quot; thema voegt een elegant tintje aan de inrichting van de babykamer. Afneembaar om het wassen te vergemakkelijken.\" \/>\n<meta property=\"og:url\" content=\"https:\/\/shop.theophile-patachou.com\/nl\/product\/kussen-24\/\" \/>\n<meta property=\"og:site_name\" content=\"Th\u00e9ophile et Patachou\" \/>\n<meta property=\"article:publisher\" content=\"https:\/\/www.facebook.com\/Th%c3%a9ophile-Patachou-197829346970085\/\" \/>\n<meta property=\"article:modified_time\" content=\"2024-11-29T19:18:46+00:00\" \/>\n<meta property=\"og:image\" content=\"https:\/\/shop.theophile-patachou.com\/wp-content\/uploads\/2023\/03\/COUS.CC3_.jpg\" \/>\n\t<meta property=\"og:image:width\" content=\"1200\" \/>\n\t<meta property=\"og:image:height\" content=\"1200\" \/>\n\t<meta property=\"og:image:type\" content=\"image\/jpeg\" \/>\n<meta name=\"twitter:card\" content=\"summary_large_image\" \/>\n<meta name=\"twitter:site\" content=\"@TPBelgium\" \/>\n<script type=\"application\/ld+json\" class=\"yoast-schema-graph\">{\"@context\":\"https:\/\/schema.org\",\"@graph\":[{\"@type\":\"WebPage\",\"@id\":\"https:\/\/shop.theophile-patachou.com\/nl\/product\/kussen-24\/\",\"url\":\"https:\/\/shop.theophile-patachou.com\/nl\/product\/kussen-24\/\",\"name\":\"Effen kussen Classic Car - Th\u00e9ophile et Patachou\",\"isPartOf\":{\"@id\":\"https:\/\/shop.theophile-patachou.com\/nl\/#website\"},\"primaryImageOfPage\":{\"@id\":\"https:\/\/shop.theophile-patachou.com\/nl\/product\/kussen-24\/#primaryimage\"},\"image\":{\"@id\":\"https:\/\/shop.theophile-patachou.com\/nl\/product\/kussen-24\/#primaryimage\"},\"thumbnailUrl\":\"https:\/\/shop.theophile-patachou.com\/wp-content\/uploads\/2023\/03\/COUS.CC3_.jpg\",\"datePublished\":\"2023-05-19T10:58:28+00:00\",\"dateModified\":\"2024-11-29T19:18:46+00:00\",\"description\":\"Kussen van het \\\"Classic Car\\\" thema voegt een elegant tintje aan de inrichting van de babykamer. Afneembaar om het wassen te vergemakkelijken.\",\"breadcrumb\":{\"@id\":\"https:\/\/shop.theophile-patachou.com\/nl\/product\/kussen-24\/#breadcrumb\"},\"inLanguage\":\"nl-NL\",\"potentialAction\":[{\"@type\":\"ReadAction\",\"target\":[\"https:\/\/shop.theophile-patachou.com\/nl\/product\/kussen-24\/\"]}]},{\"@type\":\"ImageObject\",\"inLanguage\":\"nl-NL\",\"@id\":\"https:\/\/shop.theophile-patachou.com\/nl\/product\/kussen-24\/#primaryimage\",\"url\":\"https:\/\/shop.theophile-patachou.com\/wp-content\/uploads\/2023\/03\/COUS.CC3_.jpg\",\"contentUrl\":\"https:\/\/shop.theophile-patachou.com\/wp-content\/uploads\/2023\/03\/COUS.CC3_.jpg\",\"width\":1200,\"height\":1200},{\"@type\":\"BreadcrumbList\",\"@id\":\"https:\/\/shop.theophile-patachou.com\/nl\/product\/kussen-24\/#breadcrumb\",\"itemListElement\":[{\"@type\":\"ListItem\",\"position\":1,\"name\":\"Accueil\",\"item\":\"https:\/\/shop.theophile-patachou.com\/nl\/\"},{\"@type\":\"ListItem\",\"position\":2,\"name\":\"Producten\",\"item\":\"https:\/\/shop.theophile-patachou.com\/nl\/shop\/\"},{\"@type\":\"ListItem\",\"position\":3,\"name\":\"Effen kussen\"}]},{\"@type\":\"WebSite\",\"@id\":\"https:\/\/shop.theophile-patachou.com\/nl\/#website\",\"url\":\"https:\/\/shop.theophile-patachou.com\/nl\/\",\"name\":\"Th\u00e9ophile et Patachou\",\"description\":\"Mobilier &amp; accessoires pour b\u00e9b\u00e9\",\"publisher\":{\"@id\":\"https:\/\/shop.theophile-patachou.com\/nl\/#organization\"},\"potentialAction\":[{\"@type\":\"SearchAction\",\"target\":{\"@type\":\"EntryPoint\",\"urlTemplate\":\"https:\/\/shop.theophile-patachou.com\/nl\/?s={search_term_string}\"},\"query-input\":{\"@type\":\"PropertyValueSpecification\",\"valueRequired\":true,\"valueName\":\"search_term_string\"}}],\"inLanguage\":\"nl-NL\"},{\"@type\":\"Organization\",\"@id\":\"https:\/\/shop.theophile-patachou.com\/nl\/#organization\",\"name\":\"Th\u00e9ophile & Patachou\",\"url\":\"https:\/\/shop.theophile-patachou.com\/nl\/\",\"logo\":{\"@type\":\"ImageObject\",\"inLanguage\":\"nl-NL\",\"@id\":\"https:\/\/shop.theophile-patachou.com\/nl\/#\/schema\/logo\/image\/\",\"url\":\"https:\/\/shop.theophile-patachou.com\/wp-content\/uploads\/2014\/12\/site-login-logo.png\",\"contentUrl\":\"https:\/\/shop.theophile-patachou.com\/wp-content\/uploads\/2014\/12\/site-login-logo.png\",\"width\":300,\"height\":150,\"caption\":\"Th\u00e9ophile & Patachou\"},\"image\":{\"@id\":\"https:\/\/shop.theophile-patachou.com\/nl\/#\/schema\/logo\/image\/\"},\"sameAs\":[\"https:\/\/www.facebook.com\/Th\u00e9ophile-Patachou-197829346970085\/\",\"https:\/\/x.com\/TPBelgium\",\"https:\/\/instagram.com\/theophile_patachou\/\",\"https:\/\/www.pinterest.com\/ThPat\/\"]}]}<\/script>\n<!-- \/ Yoast SEO plugin. -->","yoast_head_json":{"title":"Effen kussen Classic Car - Th\u00e9ophile et Patachou","description":"Kussen van het \"Classic Car\" thema voegt een elegant tintje aan de inrichting van de babykamer. Afneembaar om het wassen te vergemakkelijken.","robots":{"index":"index","follow":"follow","max-snippet":"max-snippet:-1","max-image-preview":"max-image-preview:large","max-video-preview":"max-video-preview:-1"},"canonical":"https:\/\/shop.theophile-patachou.com\/nl\/product\/kussen-24\/","og_locale":"nl_NL","og_type":"article","og_title":"Effen kussen Classic Car - Th\u00e9ophile et Patachou","og_description":"Kussen van het \"Classic Car\" thema voegt een elegant tintje aan de inrichting van de babykamer. Afneembaar om het wassen te vergemakkelijken.","og_url":"https:\/\/shop.theophile-patachou.com\/nl\/product\/kussen-24\/","og_site_name":"Th\u00e9ophile et Patachou","article_publisher":"https:\/\/www.facebook.com\/Th%c3%a9ophile-Patachou-197829346970085\/","article_modified_time":"2024-11-29T19:18:46+00:00","og_image":[{"width":1200,"height":1200,"url":"https:\/\/shop.theophile-patachou.com\/wp-content\/uploads\/2023\/03\/COUS.CC3_.jpg","type":"image\/jpeg"}],"twitter_card":"summary_large_image","twitter_site":"@TPBelgium","schema":{"@context":"https:\/\/schema.org","@graph":[{"@type":"WebPage","@id":"https:\/\/shop.theophile-patachou.com\/nl\/product\/kussen-24\/","url":"https:\/\/shop.theophile-patachou.com\/nl\/product\/kussen-24\/","name":"Effen kussen Classic Car - Th\u00e9ophile et Patachou","isPartOf":{"@id":"https:\/\/shop.theophile-patachou.com\/nl\/#website"},"primaryImageOfPage":{"@id":"https:\/\/shop.theophile-patachou.com\/nl\/product\/kussen-24\/#primaryimage"},"image":{"@id":"https:\/\/shop.theophile-patachou.com\/nl\/product\/kussen-24\/#primaryimage"},"thumbnailUrl":"https:\/\/shop.theophile-patachou.com\/wp-content\/uploads\/2023\/03\/COUS.CC3_.jpg","datePublished":"2023-05-19T10:58:28+00:00","dateModified":"2024-11-29T19:18:46+00:00","description":"Kussen van het \"Classic Car\" thema voegt een elegant tintje aan de inrichting van de babykamer. Afneembaar om het wassen te vergemakkelijken.","breadcrumb":{"@id":"https:\/\/shop.theophile-patachou.com\/nl\/product\/kussen-24\/#breadcrumb"},"inLanguage":"nl-NL","potentialAction":[{"@type":"ReadAction","target":["https:\/\/shop.theophile-patachou.com\/nl\/product\/kussen-24\/"]}]},{"@type":"ImageObject","inLanguage":"nl-NL","@id":"https:\/\/shop.theophile-patachou.com\/nl\/product\/kussen-24\/#primaryimage","url":"https:\/\/shop.theophile-patachou.com\/wp-content\/uploads\/2023\/03\/COUS.CC3_.jpg","contentUrl":"https:\/\/shop.theophile-patachou.com\/wp-content\/uploads\/2023\/03\/COUS.CC3_.jpg","width":1200,"height":1200},{"@type":"BreadcrumbList","@id":"https:\/\/shop.theophile-patachou.com\/nl\/product\/kussen-24\/#breadcrumb","itemListElement":[{"@type":"ListItem","position":1,"name":"Accueil","item":"https:\/\/shop.theophile-patachou.com\/nl\/"},{"@type":"ListItem","position":2,"name":"Producten","item":"https:\/\/shop.theophile-patachou.com\/nl\/shop\/"},{"@type":"ListItem","position":3,"name":"Effen kussen"}]},{"@type":"WebSite","@id":"https:\/\/shop.theophile-patachou.com\/nl\/#website","url":"https:\/\/shop.theophile-patachou.com\/nl\/","name":"Th\u00e9ophile et Patachou","description":"Mobilier &amp; accessoires pour b\u00e9b\u00e9","publisher":{"@id":"https:\/\/shop.theophile-patachou.com\/nl\/#organization"},"potentialAction":[{"@type":"SearchAction","target":{"@type":"EntryPoint","urlTemplate":"https:\/\/shop.theophile-patachou.com\/nl\/?s={search_term_string}"},"query-input":{"@type":"PropertyValueSpecification","valueRequired":true,"valueName":"search_term_string"}}],"inLanguage":"nl-NL"},{"@type":"Organization","@id":"https:\/\/shop.theophile-patachou.com\/nl\/#organization","name":"Th\u00e9ophile & Patachou","url":"https:\/\/shop.theophile-patachou.com\/nl\/","logo":{"@type":"ImageObject","inLanguage":"nl-NL","@id":"https:\/\/shop.theophile-patachou.com\/nl\/#\/schema\/logo\/image\/","url":"https:\/\/shop.theophile-patachou.com\/wp-content\/uploads\/2014\/12\/site-login-logo.png","contentUrl":"https:\/\/shop.theophile-patachou.com\/wp-content\/uploads\/2014\/12\/site-login-logo.png","width":300,"height":150,"caption":"Th\u00e9ophile & Patachou"},"image":{"@id":"https:\/\/shop.theophile-patachou.com\/nl\/#\/schema\/logo\/image\/"},"sameAs":["https:\/\/www.facebook.com\/Th\u00e9ophile-Patachou-197829346970085\/","https:\/\/x.com\/TPBelgium","https:\/\/instagram.com\/theophile_patachou\/","https:\/\/www.pinterest.com\/ThPat\/"]}]}},"_links":{"self":[{"href":"https:\/\/shop.theophile-patachou.com\/nl\/wp-json\/wp\/v2\/product\/69300","targetHints":{"allow":["GET"]}}],"collection":[{"href":"https:\/\/shop.theophile-patachou.com\/nl\/wp-json\/wp\/v2\/product"}],"about":[{"href":"https:\/\/shop.theophile-patachou.com\/nl\/wp-json\/wp\/v2\/types\/product"}],"wp:featuredmedia":[{"embeddable":true,"href":"https:\/\/shop.theophile-patachou.com\/nl\/wp-json\/wp\/v2\/media\/68263"}],"wp:attachment":[{"href":"https:\/\/shop.theophile-patachou.com\/nl\/wp-json\/wp\/v2\/media?parent=69300"}],"wp:term":[{"taxonomy":"product_brand","embeddable":true,"href":"https:\/\/shop.theophile-patachou.com\/nl\/wp-json\/wp\/v2\/product_brand?post=69300"},{"taxonomy":"product_cat","embeddable":true,"href":"https:\/\/shop.theophile-patachou.com\/nl\/wp-json\/wp\/v2\/product_cat?post=69300"},{"taxonomy":"product_tag","embeddable":true,"href":"https:\/\/shop.theophile-patachou.com\/nl\/wp-json\/wp\/v2\/product_tag?post=69300"}],"curies":[{"name":"wp","href":"https:\/\/api.w.org\/{rel}","templated":true}]}}