{"id":69312,"date":"2023-05-19T15:02:51","date_gmt":"2023-05-19T14:02:52","guid":{"rendered":"https:\/\/shop.theophile-patachou.com\/?post_type=product&#038;p=69312"},"modified":"2026-01-24T16:13:35","modified_gmt":"2026-01-24T15:13:35","slug":"rieten-reiswieg-en-aankleding-12","status":"publish","type":"product","link":"https:\/\/shop.theophile-patachou.com\/nl\/product\/rieten-reiswieg-en-aankleding-12\/","title":{"rendered":"Rieten Reiswieg en aankleding Flowers"},"content":{"rendered":"<p>Baby rieten reiswieg en Flowers aankleding met matras.<\/p>\n<p>Geruststellend en troostend, het T&amp;P rieten reiswieg in Flowers is een echt klein coconnetje van zachtheid voor baby. Dankzij zijn mobiliteit kunnen ouders het kind met gemak vervoeren, zonder zijn slaap te verstoren.<br \/>\nIdeaal als extra bed tijdens de eerste maanden. Dit rieten wiegje brengt een vleugje moderniteit in uw huis en houdt uw baby veilig.<\/p>\n<p>Geleverd met de matras en de Flowers aankleding. Het Angel&#8217;s Nest en het hoeslaken voor de matras worden apart verkocht.<br \/>\nKan op een <a href=\"https:\/\/shop.theophile-patachou.com\/nl\/?post_type=product&#038;p=37639\">perfect aangepaste voetsteun<\/a> worden geplaatst (apart verkrijgbaar).<br \/>\nTe gebruiken vanaf de geboorte tot 6 maanden.<\/p>\n<p>De afmetingen van het wiegje zijn : 30 x 75 x 25 cm<\/p>\n<p>Th\u00e9ophile &amp; Patachou is een Belgisch merk dat producten van hoge kwaliteit levert.<\/p>\n<p>&nbsp;<\/p>\n","protected":false},"excerpt":{"rendered":"<p class=\"p1\"><span class=\"s1\">Rieten Reiswieg en aankleding Flowers, <\/span><span class=\"s1\"><i>matras inbegrepen<\/i> (Voetenzak en\u00a0hoeslaken niet inbegrepen)<\/span><\/p>\n<p>Maat : 30 cm x 75 cm x 25 cm<\/p>\n","protected":false},"featured_media":67957,"template":"","meta":[],"product_brand":[],"product_cat":[1566,460,464],"product_tag":[480,1575],"class_list":{"0":"post-69312","1":"product","2":"type-product","3":"status-publish","4":"has-post-thumbnail","6":"product_cat-flowers-nl","7":"product_cat-producten","8":"product_cat-deco-kamer","9":"product_tag-beddengoed","10":"product_tag-flowers-nl","12":"first","13":"instock","14":"sale","15":"taxable","16":"shipping-taxable","17":"purchasable","18":"product-type-simple"},"yoast_head":"<!-- This site is optimized with the Yoast SEO plugin v26.9 - https:\/\/yoast.com\/product\/yoast-seo-wordpress\/ -->\n<title>Rieten Reiswieg - Flowers - Th\u00e9ophile et Patachou<\/title>\n<meta name=\"description\" content=\"Bied uw baby een echte cocon van zachtheid met onze Wicker wieg en Flowers cover. Het perfecte extra bedje voor baby&#039;s eerste maanden.\" \/>\n<meta name=\"robots\" content=\"index, follow, max-snippet:-1, max-image-preview:large, max-video-preview:-1\" \/>\n<link rel=\"canonical\" href=\"https:\/\/shop.theophile-patachou.com\/nl\/product\/rieten-reiswieg-en-aankleding-12\/\" \/>\n<meta property=\"og:locale\" content=\"nl_NL\" \/>\n<meta property=\"og:type\" content=\"article\" \/>\n<meta property=\"og:title\" content=\"Rieten Reiswieg - Flowers - Th\u00e9ophile et Patachou\" \/>\n<meta property=\"og:description\" content=\"Bied uw baby een echte cocon van zachtheid met onze Wicker wieg en Flowers cover. Het perfecte extra bedje voor baby&#039;s eerste maanden.\" \/>\n<meta property=\"og:url\" content=\"https:\/\/shop.theophile-patachou.com\/nl\/product\/rieten-reiswieg-en-aankleding-12\/\" \/>\n<meta property=\"og:site_name\" content=\"Th\u00e9ophile et Patachou\" \/>\n<meta property=\"article:publisher\" content=\"https:\/\/www.facebook.com\/Th%c3%a9ophile-Patachou-197829346970085\/\" \/>\n<meta property=\"article:modified_time\" content=\"2026-01-24T15:13:35+00:00\" \/>\n<meta property=\"og:image\" content=\"https:\/\/shop.theophile-patachou.com\/wp-content\/uploads\/2023\/03\/COUFFIN2.F-1.jpg\" \/>\n\t<meta property=\"og:image:width\" content=\"1200\" \/>\n\t<meta property=\"og:image:height\" content=\"1200\" \/>\n\t<meta property=\"og:image:type\" content=\"image\/jpeg\" \/>\n<meta name=\"twitter:card\" content=\"summary_large_image\" \/>\n<meta name=\"twitter:site\" content=\"@TPBelgium\" \/>\n<meta name=\"twitter:label1\" content=\"Geschatte leestijd\" \/>\n\t<meta name=\"twitter:data1\" content=\"1 minuut\" \/>\n<script type=\"application\/ld+json\" class=\"yoast-schema-graph\">{\"@context\":\"https:\/\/schema.org\",\"@graph\":[{\"@type\":\"WebPage\",\"@id\":\"https:\/\/shop.theophile-patachou.com\/nl\/product\/rieten-reiswieg-en-aankleding-12\/\",\"url\":\"https:\/\/shop.theophile-patachou.com\/nl\/product\/rieten-reiswieg-en-aankleding-12\/\",\"name\":\"Rieten Reiswieg - Flowers - Th\u00e9ophile et Patachou\",\"isPartOf\":{\"@id\":\"https:\/\/shop.theophile-patachou.com\/nl\/#website\"},\"primaryImageOfPage\":{\"@id\":\"https:\/\/shop.theophile-patachou.com\/nl\/product\/rieten-reiswieg-en-aankleding-12\/#primaryimage\"},\"image\":{\"@id\":\"https:\/\/shop.theophile-patachou.com\/nl\/product\/rieten-reiswieg-en-aankleding-12\/#primaryimage\"},\"thumbnailUrl\":\"https:\/\/shop.theophile-patachou.com\/wp-content\/uploads\/2023\/03\/COUFFIN2.F-1.jpg\",\"datePublished\":\"2023-05-19T14:02:52+00:00\",\"dateModified\":\"2026-01-24T15:13:35+00:00\",\"description\":\"Bied uw baby een echte cocon van zachtheid met onze Wicker wieg en Flowers cover. Het perfecte extra bedje voor baby's eerste maanden.\",\"breadcrumb\":{\"@id\":\"https:\/\/shop.theophile-patachou.com\/nl\/product\/rieten-reiswieg-en-aankleding-12\/#breadcrumb\"},\"inLanguage\":\"nl-NL\",\"potentialAction\":[{\"@type\":\"ReadAction\",\"target\":[\"https:\/\/shop.theophile-patachou.com\/nl\/product\/rieten-reiswieg-en-aankleding-12\/\"]}]},{\"@type\":\"ImageObject\",\"inLanguage\":\"nl-NL\",\"@id\":\"https:\/\/shop.theophile-patachou.com\/nl\/product\/rieten-reiswieg-en-aankleding-12\/#primaryimage\",\"url\":\"https:\/\/shop.theophile-patachou.com\/wp-content\/uploads\/2023\/03\/COUFFIN2.F-1.jpg\",\"contentUrl\":\"https:\/\/shop.theophile-patachou.com\/wp-content\/uploads\/2023\/03\/COUFFIN2.F-1.jpg\",\"width\":1200,\"height\":1200},{\"@type\":\"BreadcrumbList\",\"@id\":\"https:\/\/shop.theophile-patachou.com\/nl\/product\/rieten-reiswieg-en-aankleding-12\/#breadcrumb\",\"itemListElement\":[{\"@type\":\"ListItem\",\"position\":1,\"name\":\"Accueil\",\"item\":\"https:\/\/shop.theophile-patachou.com\/nl\/\"},{\"@type\":\"ListItem\",\"position\":2,\"name\":\"Producten\",\"item\":\"https:\/\/shop.theophile-patachou.com\/nl\/shop\/\"},{\"@type\":\"ListItem\",\"position\":3,\"name\":\"Rieten Reiswieg en aankleding Flowers\"}]},{\"@type\":\"WebSite\",\"@id\":\"https:\/\/shop.theophile-patachou.com\/nl\/#website\",\"url\":\"https:\/\/shop.theophile-patachou.com\/nl\/\",\"name\":\"Th\u00e9ophile et Patachou\",\"description\":\"Mobilier &amp; accessoires pour b\u00e9b\u00e9\",\"publisher\":{\"@id\":\"https:\/\/shop.theophile-patachou.com\/nl\/#organization\"},\"potentialAction\":[{\"@type\":\"SearchAction\",\"target\":{\"@type\":\"EntryPoint\",\"urlTemplate\":\"https:\/\/shop.theophile-patachou.com\/nl\/?s={search_term_string}\"},\"query-input\":{\"@type\":\"PropertyValueSpecification\",\"valueRequired\":true,\"valueName\":\"search_term_string\"}}],\"inLanguage\":\"nl-NL\"},{\"@type\":\"Organization\",\"@id\":\"https:\/\/shop.theophile-patachou.com\/nl\/#organization\",\"name\":\"Th\u00e9ophile & Patachou\",\"url\":\"https:\/\/shop.theophile-patachou.com\/nl\/\",\"logo\":{\"@type\":\"ImageObject\",\"inLanguage\":\"nl-NL\",\"@id\":\"https:\/\/shop.theophile-patachou.com\/nl\/#\/schema\/logo\/image\/\",\"url\":\"https:\/\/shop.theophile-patachou.com\/wp-content\/uploads\/2014\/12\/site-login-logo.png\",\"contentUrl\":\"https:\/\/shop.theophile-patachou.com\/wp-content\/uploads\/2014\/12\/site-login-logo.png\",\"width\":300,\"height\":150,\"caption\":\"Th\u00e9ophile & Patachou\"},\"image\":{\"@id\":\"https:\/\/shop.theophile-patachou.com\/nl\/#\/schema\/logo\/image\/\"},\"sameAs\":[\"https:\/\/www.facebook.com\/Th\u00e9ophile-Patachou-197829346970085\/\",\"https:\/\/x.com\/TPBelgium\",\"https:\/\/instagram.com\/theophile_patachou\/\",\"https:\/\/www.pinterest.com\/ThPat\/\"]}]}<\/script>\n<!-- \/ Yoast SEO plugin. -->","yoast_head_json":{"title":"Rieten Reiswieg - Flowers - Th\u00e9ophile et Patachou","description":"Bied uw baby een echte cocon van zachtheid met onze Wicker wieg en Flowers cover. Het perfecte extra bedje voor baby's eerste maanden.","robots":{"index":"index","follow":"follow","max-snippet":"max-snippet:-1","max-image-preview":"max-image-preview:large","max-video-preview":"max-video-preview:-1"},"canonical":"https:\/\/shop.theophile-patachou.com\/nl\/product\/rieten-reiswieg-en-aankleding-12\/","og_locale":"nl_NL","og_type":"article","og_title":"Rieten Reiswieg - Flowers - Th\u00e9ophile et Patachou","og_description":"Bied uw baby een echte cocon van zachtheid met onze Wicker wieg en Flowers cover. Het perfecte extra bedje voor baby's eerste maanden.","og_url":"https:\/\/shop.theophile-patachou.com\/nl\/product\/rieten-reiswieg-en-aankleding-12\/","og_site_name":"Th\u00e9ophile et Patachou","article_publisher":"https:\/\/www.facebook.com\/Th%c3%a9ophile-Patachou-197829346970085\/","article_modified_time":"2026-01-24T15:13:35+00:00","og_image":[{"width":1200,"height":1200,"url":"https:\/\/shop.theophile-patachou.com\/wp-content\/uploads\/2023\/03\/COUFFIN2.F-1.jpg","type":"image\/jpeg"}],"twitter_card":"summary_large_image","twitter_site":"@TPBelgium","twitter_misc":{"Geschatte leestijd":"1 minuut"},"schema":{"@context":"https:\/\/schema.org","@graph":[{"@type":"WebPage","@id":"https:\/\/shop.theophile-patachou.com\/nl\/product\/rieten-reiswieg-en-aankleding-12\/","url":"https:\/\/shop.theophile-patachou.com\/nl\/product\/rieten-reiswieg-en-aankleding-12\/","name":"Rieten Reiswieg - Flowers - Th\u00e9ophile et Patachou","isPartOf":{"@id":"https:\/\/shop.theophile-patachou.com\/nl\/#website"},"primaryImageOfPage":{"@id":"https:\/\/shop.theophile-patachou.com\/nl\/product\/rieten-reiswieg-en-aankleding-12\/#primaryimage"},"image":{"@id":"https:\/\/shop.theophile-patachou.com\/nl\/product\/rieten-reiswieg-en-aankleding-12\/#primaryimage"},"thumbnailUrl":"https:\/\/shop.theophile-patachou.com\/wp-content\/uploads\/2023\/03\/COUFFIN2.F-1.jpg","datePublished":"2023-05-19T14:02:52+00:00","dateModified":"2026-01-24T15:13:35+00:00","description":"Bied uw baby een echte cocon van zachtheid met onze Wicker wieg en Flowers cover. Het perfecte extra bedje voor baby's eerste maanden.","breadcrumb":{"@id":"https:\/\/shop.theophile-patachou.com\/nl\/product\/rieten-reiswieg-en-aankleding-12\/#breadcrumb"},"inLanguage":"nl-NL","potentialAction":[{"@type":"ReadAction","target":["https:\/\/shop.theophile-patachou.com\/nl\/product\/rieten-reiswieg-en-aankleding-12\/"]}]},{"@type":"ImageObject","inLanguage":"nl-NL","@id":"https:\/\/shop.theophile-patachou.com\/nl\/product\/rieten-reiswieg-en-aankleding-12\/#primaryimage","url":"https:\/\/shop.theophile-patachou.com\/wp-content\/uploads\/2023\/03\/COUFFIN2.F-1.jpg","contentUrl":"https:\/\/shop.theophile-patachou.com\/wp-content\/uploads\/2023\/03\/COUFFIN2.F-1.jpg","width":1200,"height":1200},{"@type":"BreadcrumbList","@id":"https:\/\/shop.theophile-patachou.com\/nl\/product\/rieten-reiswieg-en-aankleding-12\/#breadcrumb","itemListElement":[{"@type":"ListItem","position":1,"name":"Accueil","item":"https:\/\/shop.theophile-patachou.com\/nl\/"},{"@type":"ListItem","position":2,"name":"Producten","item":"https:\/\/shop.theophile-patachou.com\/nl\/shop\/"},{"@type":"ListItem","position":3,"name":"Rieten Reiswieg en aankleding Flowers"}]},{"@type":"WebSite","@id":"https:\/\/shop.theophile-patachou.com\/nl\/#website","url":"https:\/\/shop.theophile-patachou.com\/nl\/","name":"Th\u00e9ophile et Patachou","description":"Mobilier &amp; accessoires pour b\u00e9b\u00e9","publisher":{"@id":"https:\/\/shop.theophile-patachou.com\/nl\/#organization"},"potentialAction":[{"@type":"SearchAction","target":{"@type":"EntryPoint","urlTemplate":"https:\/\/shop.theophile-patachou.com\/nl\/?s={search_term_string}"},"query-input":{"@type":"PropertyValueSpecification","valueRequired":true,"valueName":"search_term_string"}}],"inLanguage":"nl-NL"},{"@type":"Organization","@id":"https:\/\/shop.theophile-patachou.com\/nl\/#organization","name":"Th\u00e9ophile & Patachou","url":"https:\/\/shop.theophile-patachou.com\/nl\/","logo":{"@type":"ImageObject","inLanguage":"nl-NL","@id":"https:\/\/shop.theophile-patachou.com\/nl\/#\/schema\/logo\/image\/","url":"https:\/\/shop.theophile-patachou.com\/wp-content\/uploads\/2014\/12\/site-login-logo.png","contentUrl":"https:\/\/shop.theophile-patachou.com\/wp-content\/uploads\/2014\/12\/site-login-logo.png","width":300,"height":150,"caption":"Th\u00e9ophile & Patachou"},"image":{"@id":"https:\/\/shop.theophile-patachou.com\/nl\/#\/schema\/logo\/image\/"},"sameAs":["https:\/\/www.facebook.com\/Th\u00e9ophile-Patachou-197829346970085\/","https:\/\/x.com\/TPBelgium","https:\/\/instagram.com\/theophile_patachou\/","https:\/\/www.pinterest.com\/ThPat\/"]}]}},"_links":{"self":[{"href":"https:\/\/shop.theophile-patachou.com\/nl\/wp-json\/wp\/v2\/product\/69312","targetHints":{"allow":["GET"]}}],"collection":[{"href":"https:\/\/shop.theophile-patachou.com\/nl\/wp-json\/wp\/v2\/product"}],"about":[{"href":"https:\/\/shop.theophile-patachou.com\/nl\/wp-json\/wp\/v2\/types\/product"}],"wp:featuredmedia":[{"embeddable":true,"href":"https:\/\/shop.theophile-patachou.com\/nl\/wp-json\/wp\/v2\/media\/67957"}],"wp:attachment":[{"href":"https:\/\/shop.theophile-patachou.com\/nl\/wp-json\/wp\/v2\/media?parent=69312"}],"wp:term":[{"taxonomy":"product_brand","embeddable":true,"href":"https:\/\/shop.theophile-patachou.com\/nl\/wp-json\/wp\/v2\/product_brand?post=69312"},{"taxonomy":"product_cat","embeddable":true,"href":"https:\/\/shop.theophile-patachou.com\/nl\/wp-json\/wp\/v2\/product_cat?post=69312"},{"taxonomy":"product_tag","embeddable":true,"href":"https:\/\/shop.theophile-patachou.com\/nl\/wp-json\/wp\/v2\/product_tag?post=69312"}],"curies":[{"name":"wp","href":"https:\/\/api.w.org\/{rel}","templated":true}]}}