{"id":71382,"date":"2023-09-20T08:51:23","date_gmt":"2023-09-20T07:51:26","guid":{"rendered":"https:\/\/shop.theophile-patachou.com\/?post_type=product&#038;p=71382"},"modified":"2023-09-20T09:13:45","modified_gmt":"2023-09-20T08:13:45","slug":"zomer-slaapzak-60cm-3","status":"publish","type":"product","link":"https:\/\/shop.theophile-patachou.com\/nl\/product\/zomer-slaapzak-60cm-3\/","title":{"rendered":"Zomer Slaapzak 60cm"},"content":{"rendered":"<p>Baby zomer slaapzak, uit de Carrousel collectie, 60cm. Ideaal voor de zomer dankzij de dunne dikte. Gemakkelijk aan te trekken dankzij de twee drukknopen op de riemen.<\/p>\n<p>Vanaf de geboorte tot ongeveer 3 maanden.<\/p>\n<p>Gewafeld. Gemaakt van katoen.<\/p>\n<p>Om de Carrousel look compleet te maken, kleedt u het wiegje van de baby aan met de Carrousel hoeslaken reiswieg<\/p>\n","protected":false},"excerpt":{"rendered":"<h2>Zomer Slaapzak 60cm &#8211; Carrousel<\/h2>\n<p>Slaapzak in katoen geritst op de omtrek. Makkelijk aan te trekken met twee drukknopen op de schouderbanden<br \/>\nAanbevolen van 0 tot 3 maanden.<\/p>\n<p>Gewafeld<\/p>\n","protected":false},"featured_media":70536,"template":"","meta":[],"product_brand":[],"product_cat":[442,1591,470],"product_tag":[1596,564,527],"class_list":{"0":"post-71382","1":"product","2":"type-product","3":"status-publish","4":"has-post-thumbnail","6":"product_cat-collectie-voor-kinderkamer","7":"product_cat-carrousel-nl","8":"product_cat-slaapzakken","9":"product_tag-carrousel-nl","10":"product_tag-slaapzak-groot","11":"product_tag-slaapzak","13":"first","14":"instock","15":"taxable","16":"shipping-taxable","17":"purchasable","18":"product-type-simple"},"yoast_head":"<!-- This site is optimized with the Yoast SEO plugin v26.9 - https:\/\/yoast.com\/product\/yoast-seo-wordpress\/ -->\n<title>Zomer Slaapzak 60cm Carrousel - Th\u00e9ophile et Patachou<\/title>\n<meta name=\"description\" content=\"Zomer slaapzak uit de Carrousel collectie., 60cm Omring baby met zachtheid in deze witte slaapzak van 60 cm van Th\u00e9ophile &amp; Patachou.\" \/>\n<meta name=\"robots\" content=\"index, follow, max-snippet:-1, max-image-preview:large, max-video-preview:-1\" \/>\n<link rel=\"canonical\" href=\"https:\/\/shop.theophile-patachou.com\/nl\/product\/zomer-slaapzak-60cm-3\/\" \/>\n<meta property=\"og:locale\" content=\"nl_NL\" \/>\n<meta property=\"og:type\" content=\"article\" \/>\n<meta property=\"og:title\" content=\"Zomer Slaapzak 60cm Carrousel - Th\u00e9ophile et Patachou\" \/>\n<meta property=\"og:description\" content=\"Zomer slaapzak uit de Carrousel collectie., 60cm Omring baby met zachtheid in deze witte slaapzak van 60 cm van Th\u00e9ophile &amp; Patachou.\" \/>\n<meta property=\"og:url\" content=\"https:\/\/shop.theophile-patachou.com\/nl\/product\/zomer-slaapzak-60cm-3\/\" \/>\n<meta property=\"og:site_name\" content=\"Th\u00e9ophile et Patachou\" \/>\n<meta property=\"article:publisher\" content=\"https:\/\/www.facebook.com\/Th%c3%a9ophile-Patachou-197829346970085\/\" \/>\n<meta property=\"article:modified_time\" content=\"2023-09-20T08:13:45+00:00\" \/>\n<meta property=\"og:image\" content=\"https:\/\/shop.theophile-patachou.com\/wp-content\/uploads\/2023\/08\/PTCA3.jpg\" \/>\n\t<meta property=\"og:image:width\" content=\"1200\" \/>\n\t<meta property=\"og:image:height\" content=\"1200\" \/>\n\t<meta property=\"og:image:type\" content=\"image\/jpeg\" \/>\n<meta name=\"twitter:card\" content=\"summary_large_image\" \/>\n<meta name=\"twitter:site\" content=\"@TPBelgium\" \/>\n<meta name=\"twitter:label1\" content=\"Geschatte leestijd\" \/>\n\t<meta name=\"twitter:data1\" content=\"1 minuut\" \/>\n<script type=\"application\/ld+json\" class=\"yoast-schema-graph\">{\"@context\":\"https:\/\/schema.org\",\"@graph\":[{\"@type\":\"WebPage\",\"@id\":\"https:\/\/shop.theophile-patachou.com\/nl\/product\/zomer-slaapzak-60cm-3\/\",\"url\":\"https:\/\/shop.theophile-patachou.com\/nl\/product\/zomer-slaapzak-60cm-3\/\",\"name\":\"Zomer Slaapzak 60cm Carrousel - Th\u00e9ophile et Patachou\",\"isPartOf\":{\"@id\":\"https:\/\/shop.theophile-patachou.com\/nl\/#website\"},\"primaryImageOfPage\":{\"@id\":\"https:\/\/shop.theophile-patachou.com\/nl\/product\/zomer-slaapzak-60cm-3\/#primaryimage\"},\"image\":{\"@id\":\"https:\/\/shop.theophile-patachou.com\/nl\/product\/zomer-slaapzak-60cm-3\/#primaryimage\"},\"thumbnailUrl\":\"https:\/\/shop.theophile-patachou.com\/wp-content\/uploads\/2023\/08\/PTCA3.jpg\",\"datePublished\":\"2023-09-20T07:51:26+00:00\",\"dateModified\":\"2023-09-20T08:13:45+00:00\",\"description\":\"Zomer slaapzak uit de Carrousel collectie., 60cm Omring baby met zachtheid in deze witte slaapzak van 60 cm van Th\u00e9ophile & Patachou.\",\"breadcrumb\":{\"@id\":\"https:\/\/shop.theophile-patachou.com\/nl\/product\/zomer-slaapzak-60cm-3\/#breadcrumb\"},\"inLanguage\":\"nl-NL\",\"potentialAction\":[{\"@type\":\"ReadAction\",\"target\":[\"https:\/\/shop.theophile-patachou.com\/nl\/product\/zomer-slaapzak-60cm-3\/\"]}]},{\"@type\":\"ImageObject\",\"inLanguage\":\"nl-NL\",\"@id\":\"https:\/\/shop.theophile-patachou.com\/nl\/product\/zomer-slaapzak-60cm-3\/#primaryimage\",\"url\":\"https:\/\/shop.theophile-patachou.com\/wp-content\/uploads\/2023\/08\/PTCA3.jpg\",\"contentUrl\":\"https:\/\/shop.theophile-patachou.com\/wp-content\/uploads\/2023\/08\/PTCA3.jpg\",\"width\":1200,\"height\":1200},{\"@type\":\"BreadcrumbList\",\"@id\":\"https:\/\/shop.theophile-patachou.com\/nl\/product\/zomer-slaapzak-60cm-3\/#breadcrumb\",\"itemListElement\":[{\"@type\":\"ListItem\",\"position\":1,\"name\":\"Accueil\",\"item\":\"https:\/\/shop.theophile-patachou.com\/nl\/\"},{\"@type\":\"ListItem\",\"position\":2,\"name\":\"Producten\",\"item\":\"https:\/\/shop.theophile-patachou.com\/nl\/shop\/\"},{\"@type\":\"ListItem\",\"position\":3,\"name\":\"Zomer Slaapzak 60cm\"}]},{\"@type\":\"WebSite\",\"@id\":\"https:\/\/shop.theophile-patachou.com\/nl\/#website\",\"url\":\"https:\/\/shop.theophile-patachou.com\/nl\/\",\"name\":\"Th\u00e9ophile et Patachou\",\"description\":\"Mobilier &amp; accessoires pour b\u00e9b\u00e9\",\"publisher\":{\"@id\":\"https:\/\/shop.theophile-patachou.com\/nl\/#organization\"},\"potentialAction\":[{\"@type\":\"SearchAction\",\"target\":{\"@type\":\"EntryPoint\",\"urlTemplate\":\"https:\/\/shop.theophile-patachou.com\/nl\/?s={search_term_string}\"},\"query-input\":{\"@type\":\"PropertyValueSpecification\",\"valueRequired\":true,\"valueName\":\"search_term_string\"}}],\"inLanguage\":\"nl-NL\"},{\"@type\":\"Organization\",\"@id\":\"https:\/\/shop.theophile-patachou.com\/nl\/#organization\",\"name\":\"Th\u00e9ophile & Patachou\",\"url\":\"https:\/\/shop.theophile-patachou.com\/nl\/\",\"logo\":{\"@type\":\"ImageObject\",\"inLanguage\":\"nl-NL\",\"@id\":\"https:\/\/shop.theophile-patachou.com\/nl\/#\/schema\/logo\/image\/\",\"url\":\"https:\/\/shop.theophile-patachou.com\/wp-content\/uploads\/2014\/12\/site-login-logo.png\",\"contentUrl\":\"https:\/\/shop.theophile-patachou.com\/wp-content\/uploads\/2014\/12\/site-login-logo.png\",\"width\":300,\"height\":150,\"caption\":\"Th\u00e9ophile & Patachou\"},\"image\":{\"@id\":\"https:\/\/shop.theophile-patachou.com\/nl\/#\/schema\/logo\/image\/\"},\"sameAs\":[\"https:\/\/www.facebook.com\/Th\u00e9ophile-Patachou-197829346970085\/\",\"https:\/\/x.com\/TPBelgium\",\"https:\/\/instagram.com\/theophile_patachou\/\",\"https:\/\/www.pinterest.com\/ThPat\/\"]}]}<\/script>\n<!-- \/ Yoast SEO plugin. -->","yoast_head_json":{"title":"Zomer Slaapzak 60cm Carrousel - Th\u00e9ophile et Patachou","description":"Zomer slaapzak uit de Carrousel collectie., 60cm Omring baby met zachtheid in deze witte slaapzak van 60 cm van Th\u00e9ophile & Patachou.","robots":{"index":"index","follow":"follow","max-snippet":"max-snippet:-1","max-image-preview":"max-image-preview:large","max-video-preview":"max-video-preview:-1"},"canonical":"https:\/\/shop.theophile-patachou.com\/nl\/product\/zomer-slaapzak-60cm-3\/","og_locale":"nl_NL","og_type":"article","og_title":"Zomer Slaapzak 60cm Carrousel - Th\u00e9ophile et Patachou","og_description":"Zomer slaapzak uit de Carrousel collectie., 60cm Omring baby met zachtheid in deze witte slaapzak van 60 cm van Th\u00e9ophile & Patachou.","og_url":"https:\/\/shop.theophile-patachou.com\/nl\/product\/zomer-slaapzak-60cm-3\/","og_site_name":"Th\u00e9ophile et Patachou","article_publisher":"https:\/\/www.facebook.com\/Th%c3%a9ophile-Patachou-197829346970085\/","article_modified_time":"2023-09-20T08:13:45+00:00","og_image":[{"width":1200,"height":1200,"url":"https:\/\/shop.theophile-patachou.com\/wp-content\/uploads\/2023\/08\/PTCA3.jpg","type":"image\/jpeg"}],"twitter_card":"summary_large_image","twitter_site":"@TPBelgium","twitter_misc":{"Geschatte leestijd":"1 minuut"},"schema":{"@context":"https:\/\/schema.org","@graph":[{"@type":"WebPage","@id":"https:\/\/shop.theophile-patachou.com\/nl\/product\/zomer-slaapzak-60cm-3\/","url":"https:\/\/shop.theophile-patachou.com\/nl\/product\/zomer-slaapzak-60cm-3\/","name":"Zomer Slaapzak 60cm Carrousel - Th\u00e9ophile et Patachou","isPartOf":{"@id":"https:\/\/shop.theophile-patachou.com\/nl\/#website"},"primaryImageOfPage":{"@id":"https:\/\/shop.theophile-patachou.com\/nl\/product\/zomer-slaapzak-60cm-3\/#primaryimage"},"image":{"@id":"https:\/\/shop.theophile-patachou.com\/nl\/product\/zomer-slaapzak-60cm-3\/#primaryimage"},"thumbnailUrl":"https:\/\/shop.theophile-patachou.com\/wp-content\/uploads\/2023\/08\/PTCA3.jpg","datePublished":"2023-09-20T07:51:26+00:00","dateModified":"2023-09-20T08:13:45+00:00","description":"Zomer slaapzak uit de Carrousel collectie., 60cm Omring baby met zachtheid in deze witte slaapzak van 60 cm van Th\u00e9ophile & Patachou.","breadcrumb":{"@id":"https:\/\/shop.theophile-patachou.com\/nl\/product\/zomer-slaapzak-60cm-3\/#breadcrumb"},"inLanguage":"nl-NL","potentialAction":[{"@type":"ReadAction","target":["https:\/\/shop.theophile-patachou.com\/nl\/product\/zomer-slaapzak-60cm-3\/"]}]},{"@type":"ImageObject","inLanguage":"nl-NL","@id":"https:\/\/shop.theophile-patachou.com\/nl\/product\/zomer-slaapzak-60cm-3\/#primaryimage","url":"https:\/\/shop.theophile-patachou.com\/wp-content\/uploads\/2023\/08\/PTCA3.jpg","contentUrl":"https:\/\/shop.theophile-patachou.com\/wp-content\/uploads\/2023\/08\/PTCA3.jpg","width":1200,"height":1200},{"@type":"BreadcrumbList","@id":"https:\/\/shop.theophile-patachou.com\/nl\/product\/zomer-slaapzak-60cm-3\/#breadcrumb","itemListElement":[{"@type":"ListItem","position":1,"name":"Accueil","item":"https:\/\/shop.theophile-patachou.com\/nl\/"},{"@type":"ListItem","position":2,"name":"Producten","item":"https:\/\/shop.theophile-patachou.com\/nl\/shop\/"},{"@type":"ListItem","position":3,"name":"Zomer Slaapzak 60cm"}]},{"@type":"WebSite","@id":"https:\/\/shop.theophile-patachou.com\/nl\/#website","url":"https:\/\/shop.theophile-patachou.com\/nl\/","name":"Th\u00e9ophile et Patachou","description":"Mobilier &amp; accessoires pour b\u00e9b\u00e9","publisher":{"@id":"https:\/\/shop.theophile-patachou.com\/nl\/#organization"},"potentialAction":[{"@type":"SearchAction","target":{"@type":"EntryPoint","urlTemplate":"https:\/\/shop.theophile-patachou.com\/nl\/?s={search_term_string}"},"query-input":{"@type":"PropertyValueSpecification","valueRequired":true,"valueName":"search_term_string"}}],"inLanguage":"nl-NL"},{"@type":"Organization","@id":"https:\/\/shop.theophile-patachou.com\/nl\/#organization","name":"Th\u00e9ophile & Patachou","url":"https:\/\/shop.theophile-patachou.com\/nl\/","logo":{"@type":"ImageObject","inLanguage":"nl-NL","@id":"https:\/\/shop.theophile-patachou.com\/nl\/#\/schema\/logo\/image\/","url":"https:\/\/shop.theophile-patachou.com\/wp-content\/uploads\/2014\/12\/site-login-logo.png","contentUrl":"https:\/\/shop.theophile-patachou.com\/wp-content\/uploads\/2014\/12\/site-login-logo.png","width":300,"height":150,"caption":"Th\u00e9ophile & Patachou"},"image":{"@id":"https:\/\/shop.theophile-patachou.com\/nl\/#\/schema\/logo\/image\/"},"sameAs":["https:\/\/www.facebook.com\/Th\u00e9ophile-Patachou-197829346970085\/","https:\/\/x.com\/TPBelgium","https:\/\/instagram.com\/theophile_patachou\/","https:\/\/www.pinterest.com\/ThPat\/"]}]}},"_links":{"self":[{"href":"https:\/\/shop.theophile-patachou.com\/nl\/wp-json\/wp\/v2\/product\/71382","targetHints":{"allow":["GET"]}}],"collection":[{"href":"https:\/\/shop.theophile-patachou.com\/nl\/wp-json\/wp\/v2\/product"}],"about":[{"href":"https:\/\/shop.theophile-patachou.com\/nl\/wp-json\/wp\/v2\/types\/product"}],"wp:featuredmedia":[{"embeddable":true,"href":"https:\/\/shop.theophile-patachou.com\/nl\/wp-json\/wp\/v2\/media\/70536"}],"wp:attachment":[{"href":"https:\/\/shop.theophile-patachou.com\/nl\/wp-json\/wp\/v2\/media?parent=71382"}],"wp:term":[{"taxonomy":"product_brand","embeddable":true,"href":"https:\/\/shop.theophile-patachou.com\/nl\/wp-json\/wp\/v2\/product_brand?post=71382"},{"taxonomy":"product_cat","embeddable":true,"href":"https:\/\/shop.theophile-patachou.com\/nl\/wp-json\/wp\/v2\/product_cat?post=71382"},{"taxonomy":"product_tag","embeddable":true,"href":"https:\/\/shop.theophile-patachou.com\/nl\/wp-json\/wp\/v2\/product_tag?post=71382"}],"curies":[{"name":"wp","href":"https:\/\/api.w.org\/{rel}","templated":true}]}}