{"id":71388,"date":"2023-09-20T08:52:09","date_gmt":"2023-09-20T07:52:12","guid":{"rendered":"https:\/\/shop.theophile-patachou.com\/?post_type=product&#038;p=71388"},"modified":"2023-09-20T09:14:51","modified_gmt":"2023-09-20T08:14:51","slug":"slaapzak-90cm-7","status":"publish","type":"product","link":"https:\/\/shop.theophile-patachou.com\/nl\/product\/slaapzak-90cm-7\/","title":{"rendered":"Slaapzak 90cm"},"content":{"rendered":"","protected":false},"excerpt":{"rendered":"<h2>Slaapzak 90cm<\/h2>\n<p>Baby Slaapzak 90 cm in katoen. Eenvoudig aan te trekken dankzij de rits die van boven naar beneden sluit. De slaapzak is evolutief en in lengte verstelbaar dankzij twee linten die aan de achterkant werden geplaatst waardoor de nuttige ruimte kan vermindert worden afhankelijk van de leeftijd van het kind.<\/p>\n<p>Vanaf 6 maanden tot ongeveer 12 maanden<br \/>\nCarrousel<\/p>\n","protected":false},"featured_media":70713,"template":"","meta":[],"product_brand":[],"product_cat":[442,1591,470],"product_tag":[1596,564,527],"class_list":{"0":"post-71388","1":"product","2":"type-product","3":"status-publish","4":"has-post-thumbnail","6":"product_cat-collectie-voor-kinderkamer","7":"product_cat-carrousel-nl","8":"product_cat-slaapzakken","9":"product_tag-carrousel-nl","10":"product_tag-slaapzak-groot","11":"product_tag-slaapzak","13":"first","14":"instock","15":"taxable","16":"shipping-taxable","17":"purchasable","18":"product-type-simple"},"yoast_head":"<!-- This site is optimized with the Yoast SEO plugin v26.9 - https:\/\/yoast.com\/product\/yoast-seo-wordpress\/ -->\n<title>Slaapzak 90cm Carrousel - Th\u00e9ophile et Patachou<\/title>\n<meta name=\"description\" content=\"Baby Slaapzak Carrousel 90 cm: Eenvoudig aan te trekken dankzij de rits die van boven naar beneden sluit. Vanaf 6 maanden tot ongeveer 12 maanden.\" \/>\n<meta name=\"robots\" content=\"index, follow, max-snippet:-1, max-image-preview:large, max-video-preview:-1\" \/>\n<link rel=\"canonical\" href=\"https:\/\/shop.theophile-patachou.com\/nl\/product\/slaapzak-90cm-7\/\" \/>\n<meta property=\"og:locale\" content=\"nl_NL\" \/>\n<meta property=\"og:type\" content=\"article\" \/>\n<meta property=\"og:title\" content=\"Slaapzak 90cm Carrousel - Th\u00e9ophile et Patachou\" \/>\n<meta property=\"og:description\" content=\"Baby Slaapzak Carrousel 90 cm: Eenvoudig aan te trekken dankzij de rits die van boven naar beneden sluit. Vanaf 6 maanden tot ongeveer 12 maanden.\" \/>\n<meta property=\"og:url\" content=\"https:\/\/shop.theophile-patachou.com\/nl\/product\/slaapzak-90cm-7\/\" \/>\n<meta property=\"og:site_name\" content=\"Th\u00e9ophile et Patachou\" \/>\n<meta property=\"article:publisher\" content=\"https:\/\/www.facebook.com\/Th%c3%a9ophile-Patachou-197829346970085\/\" \/>\n<meta property=\"article:modified_time\" content=\"2023-09-20T08:14:51+00:00\" \/>\n<meta property=\"og:image\" content=\"https:\/\/shop.theophile-patachou.com\/wp-content\/uploads\/2023\/08\/ZIPCA.T1.jpg\" \/>\n\t<meta property=\"og:image:width\" content=\"1200\" \/>\n\t<meta property=\"og:image:height\" content=\"1200\" \/>\n\t<meta property=\"og:image:type\" content=\"image\/jpeg\" \/>\n<meta name=\"twitter:card\" content=\"summary_large_image\" \/>\n<meta name=\"twitter:site\" content=\"@TPBelgium\" \/>\n<script type=\"application\/ld+json\" class=\"yoast-schema-graph\">{\"@context\":\"https:\/\/schema.org\",\"@graph\":[{\"@type\":\"WebPage\",\"@id\":\"https:\/\/shop.theophile-patachou.com\/nl\/product\/slaapzak-90cm-7\/\",\"url\":\"https:\/\/shop.theophile-patachou.com\/nl\/product\/slaapzak-90cm-7\/\",\"name\":\"Slaapzak 90cm Carrousel - Th\u00e9ophile et Patachou\",\"isPartOf\":{\"@id\":\"https:\/\/shop.theophile-patachou.com\/nl\/#website\"},\"primaryImageOfPage\":{\"@id\":\"https:\/\/shop.theophile-patachou.com\/nl\/product\/slaapzak-90cm-7\/#primaryimage\"},\"image\":{\"@id\":\"https:\/\/shop.theophile-patachou.com\/nl\/product\/slaapzak-90cm-7\/#primaryimage\"},\"thumbnailUrl\":\"https:\/\/shop.theophile-patachou.com\/wp-content\/uploads\/2023\/08\/ZIPCA.T1.jpg\",\"datePublished\":\"2023-09-20T07:52:12+00:00\",\"dateModified\":\"2023-09-20T08:14:51+00:00\",\"description\":\"Baby Slaapzak Carrousel 90 cm: Eenvoudig aan te trekken dankzij de rits die van boven naar beneden sluit. Vanaf 6 maanden tot ongeveer 12 maanden.\",\"breadcrumb\":{\"@id\":\"https:\/\/shop.theophile-patachou.com\/nl\/product\/slaapzak-90cm-7\/#breadcrumb\"},\"inLanguage\":\"nl-NL\",\"potentialAction\":[{\"@type\":\"ReadAction\",\"target\":[\"https:\/\/shop.theophile-patachou.com\/nl\/product\/slaapzak-90cm-7\/\"]}]},{\"@type\":\"ImageObject\",\"inLanguage\":\"nl-NL\",\"@id\":\"https:\/\/shop.theophile-patachou.com\/nl\/product\/slaapzak-90cm-7\/#primaryimage\",\"url\":\"https:\/\/shop.theophile-patachou.com\/wp-content\/uploads\/2023\/08\/ZIPCA.T1.jpg\",\"contentUrl\":\"https:\/\/shop.theophile-patachou.com\/wp-content\/uploads\/2023\/08\/ZIPCA.T1.jpg\",\"width\":1200,\"height\":1200},{\"@type\":\"BreadcrumbList\",\"@id\":\"https:\/\/shop.theophile-patachou.com\/nl\/product\/slaapzak-90cm-7\/#breadcrumb\",\"itemListElement\":[{\"@type\":\"ListItem\",\"position\":1,\"name\":\"Accueil\",\"item\":\"https:\/\/shop.theophile-patachou.com\/nl\/\"},{\"@type\":\"ListItem\",\"position\":2,\"name\":\"Producten\",\"item\":\"https:\/\/shop.theophile-patachou.com\/nl\/shop\/\"},{\"@type\":\"ListItem\",\"position\":3,\"name\":\"Slaapzak 90cm\"}]},{\"@type\":\"WebSite\",\"@id\":\"https:\/\/shop.theophile-patachou.com\/nl\/#website\",\"url\":\"https:\/\/shop.theophile-patachou.com\/nl\/\",\"name\":\"Th\u00e9ophile et Patachou\",\"description\":\"Mobilier &amp; accessoires pour b\u00e9b\u00e9\",\"publisher\":{\"@id\":\"https:\/\/shop.theophile-patachou.com\/nl\/#organization\"},\"potentialAction\":[{\"@type\":\"SearchAction\",\"target\":{\"@type\":\"EntryPoint\",\"urlTemplate\":\"https:\/\/shop.theophile-patachou.com\/nl\/?s={search_term_string}\"},\"query-input\":{\"@type\":\"PropertyValueSpecification\",\"valueRequired\":true,\"valueName\":\"search_term_string\"}}],\"inLanguage\":\"nl-NL\"},{\"@type\":\"Organization\",\"@id\":\"https:\/\/shop.theophile-patachou.com\/nl\/#organization\",\"name\":\"Th\u00e9ophile & Patachou\",\"url\":\"https:\/\/shop.theophile-patachou.com\/nl\/\",\"logo\":{\"@type\":\"ImageObject\",\"inLanguage\":\"nl-NL\",\"@id\":\"https:\/\/shop.theophile-patachou.com\/nl\/#\/schema\/logo\/image\/\",\"url\":\"https:\/\/shop.theophile-patachou.com\/wp-content\/uploads\/2014\/12\/site-login-logo.png\",\"contentUrl\":\"https:\/\/shop.theophile-patachou.com\/wp-content\/uploads\/2014\/12\/site-login-logo.png\",\"width\":300,\"height\":150,\"caption\":\"Th\u00e9ophile & Patachou\"},\"image\":{\"@id\":\"https:\/\/shop.theophile-patachou.com\/nl\/#\/schema\/logo\/image\/\"},\"sameAs\":[\"https:\/\/www.facebook.com\/Th\u00e9ophile-Patachou-197829346970085\/\",\"https:\/\/x.com\/TPBelgium\",\"https:\/\/instagram.com\/theophile_patachou\/\",\"https:\/\/www.pinterest.com\/ThPat\/\"]}]}<\/script>\n<!-- \/ Yoast SEO plugin. -->","yoast_head_json":{"title":"Slaapzak 90cm Carrousel - Th\u00e9ophile et Patachou","description":"Baby Slaapzak Carrousel 90 cm: Eenvoudig aan te trekken dankzij de rits die van boven naar beneden sluit. Vanaf 6 maanden tot ongeveer 12 maanden.","robots":{"index":"index","follow":"follow","max-snippet":"max-snippet:-1","max-image-preview":"max-image-preview:large","max-video-preview":"max-video-preview:-1"},"canonical":"https:\/\/shop.theophile-patachou.com\/nl\/product\/slaapzak-90cm-7\/","og_locale":"nl_NL","og_type":"article","og_title":"Slaapzak 90cm Carrousel - Th\u00e9ophile et Patachou","og_description":"Baby Slaapzak Carrousel 90 cm: Eenvoudig aan te trekken dankzij de rits die van boven naar beneden sluit. Vanaf 6 maanden tot ongeveer 12 maanden.","og_url":"https:\/\/shop.theophile-patachou.com\/nl\/product\/slaapzak-90cm-7\/","og_site_name":"Th\u00e9ophile et Patachou","article_publisher":"https:\/\/www.facebook.com\/Th%c3%a9ophile-Patachou-197829346970085\/","article_modified_time":"2023-09-20T08:14:51+00:00","og_image":[{"width":1200,"height":1200,"url":"https:\/\/shop.theophile-patachou.com\/wp-content\/uploads\/2023\/08\/ZIPCA.T1.jpg","type":"image\/jpeg"}],"twitter_card":"summary_large_image","twitter_site":"@TPBelgium","schema":{"@context":"https:\/\/schema.org","@graph":[{"@type":"WebPage","@id":"https:\/\/shop.theophile-patachou.com\/nl\/product\/slaapzak-90cm-7\/","url":"https:\/\/shop.theophile-patachou.com\/nl\/product\/slaapzak-90cm-7\/","name":"Slaapzak 90cm Carrousel - Th\u00e9ophile et Patachou","isPartOf":{"@id":"https:\/\/shop.theophile-patachou.com\/nl\/#website"},"primaryImageOfPage":{"@id":"https:\/\/shop.theophile-patachou.com\/nl\/product\/slaapzak-90cm-7\/#primaryimage"},"image":{"@id":"https:\/\/shop.theophile-patachou.com\/nl\/product\/slaapzak-90cm-7\/#primaryimage"},"thumbnailUrl":"https:\/\/shop.theophile-patachou.com\/wp-content\/uploads\/2023\/08\/ZIPCA.T1.jpg","datePublished":"2023-09-20T07:52:12+00:00","dateModified":"2023-09-20T08:14:51+00:00","description":"Baby Slaapzak Carrousel 90 cm: Eenvoudig aan te trekken dankzij de rits die van boven naar beneden sluit. Vanaf 6 maanden tot ongeveer 12 maanden.","breadcrumb":{"@id":"https:\/\/shop.theophile-patachou.com\/nl\/product\/slaapzak-90cm-7\/#breadcrumb"},"inLanguage":"nl-NL","potentialAction":[{"@type":"ReadAction","target":["https:\/\/shop.theophile-patachou.com\/nl\/product\/slaapzak-90cm-7\/"]}]},{"@type":"ImageObject","inLanguage":"nl-NL","@id":"https:\/\/shop.theophile-patachou.com\/nl\/product\/slaapzak-90cm-7\/#primaryimage","url":"https:\/\/shop.theophile-patachou.com\/wp-content\/uploads\/2023\/08\/ZIPCA.T1.jpg","contentUrl":"https:\/\/shop.theophile-patachou.com\/wp-content\/uploads\/2023\/08\/ZIPCA.T1.jpg","width":1200,"height":1200},{"@type":"BreadcrumbList","@id":"https:\/\/shop.theophile-patachou.com\/nl\/product\/slaapzak-90cm-7\/#breadcrumb","itemListElement":[{"@type":"ListItem","position":1,"name":"Accueil","item":"https:\/\/shop.theophile-patachou.com\/nl\/"},{"@type":"ListItem","position":2,"name":"Producten","item":"https:\/\/shop.theophile-patachou.com\/nl\/shop\/"},{"@type":"ListItem","position":3,"name":"Slaapzak 90cm"}]},{"@type":"WebSite","@id":"https:\/\/shop.theophile-patachou.com\/nl\/#website","url":"https:\/\/shop.theophile-patachou.com\/nl\/","name":"Th\u00e9ophile et Patachou","description":"Mobilier &amp; accessoires pour b\u00e9b\u00e9","publisher":{"@id":"https:\/\/shop.theophile-patachou.com\/nl\/#organization"},"potentialAction":[{"@type":"SearchAction","target":{"@type":"EntryPoint","urlTemplate":"https:\/\/shop.theophile-patachou.com\/nl\/?s={search_term_string}"},"query-input":{"@type":"PropertyValueSpecification","valueRequired":true,"valueName":"search_term_string"}}],"inLanguage":"nl-NL"},{"@type":"Organization","@id":"https:\/\/shop.theophile-patachou.com\/nl\/#organization","name":"Th\u00e9ophile & Patachou","url":"https:\/\/shop.theophile-patachou.com\/nl\/","logo":{"@type":"ImageObject","inLanguage":"nl-NL","@id":"https:\/\/shop.theophile-patachou.com\/nl\/#\/schema\/logo\/image\/","url":"https:\/\/shop.theophile-patachou.com\/wp-content\/uploads\/2014\/12\/site-login-logo.png","contentUrl":"https:\/\/shop.theophile-patachou.com\/wp-content\/uploads\/2014\/12\/site-login-logo.png","width":300,"height":150,"caption":"Th\u00e9ophile & Patachou"},"image":{"@id":"https:\/\/shop.theophile-patachou.com\/nl\/#\/schema\/logo\/image\/"},"sameAs":["https:\/\/www.facebook.com\/Th\u00e9ophile-Patachou-197829346970085\/","https:\/\/x.com\/TPBelgium","https:\/\/instagram.com\/theophile_patachou\/","https:\/\/www.pinterest.com\/ThPat\/"]}]}},"_links":{"self":[{"href":"https:\/\/shop.theophile-patachou.com\/nl\/wp-json\/wp\/v2\/product\/71388","targetHints":{"allow":["GET"]}}],"collection":[{"href":"https:\/\/shop.theophile-patachou.com\/nl\/wp-json\/wp\/v2\/product"}],"about":[{"href":"https:\/\/shop.theophile-patachou.com\/nl\/wp-json\/wp\/v2\/types\/product"}],"wp:featuredmedia":[{"embeddable":true,"href":"https:\/\/shop.theophile-patachou.com\/nl\/wp-json\/wp\/v2\/media\/70713"}],"wp:attachment":[{"href":"https:\/\/shop.theophile-patachou.com\/nl\/wp-json\/wp\/v2\/media?parent=71388"}],"wp:term":[{"taxonomy":"product_brand","embeddable":true,"href":"https:\/\/shop.theophile-patachou.com\/nl\/wp-json\/wp\/v2\/product_brand?post=71388"},{"taxonomy":"product_cat","embeddable":true,"href":"https:\/\/shop.theophile-patachou.com\/nl\/wp-json\/wp\/v2\/product_cat?post=71388"},{"taxonomy":"product_tag","embeddable":true,"href":"https:\/\/shop.theophile-patachou.com\/nl\/wp-json\/wp\/v2\/product_tag?post=71388"}],"curies":[{"name":"wp","href":"https:\/\/api.w.org\/{rel}","templated":true}]}}