{"id":73614,"date":"2024-01-08T09:35:17","date_gmt":"2024-01-08T08:35:19","guid":{"rendered":"https:\/\/shop.theophile-patachou.com\/?post_type=product&#038;p=73614"},"modified":"2025-12-01T16:35:26","modified_gmt":"2025-12-01T15:35:26","slug":"babynestj","status":"publish","type":"product","link":"https:\/\/shop.theophile-patachou.com\/nl\/product\/babynestj\/","title":{"rendered":"Babynestje"},"content":{"rendered":"<p>De Classic Car babynestje is de ideale bedverkleiner en slaapnestje. Beschermt de baby tijdens zijn eerste nachten, in bed of elders.<\/p>\n<p>Geeft een gevoel van veiligheid. Deze babynestje cre\u00ebert een knus, warm en geruststellend coconnetje.<\/p>\n<p>Gemaakt van katoen, gewafeld.<br \/>\nAfmetingen: 84 cm lang en 50 cm breed.<br \/>\nMachinewasbaar op 30\u00b0 en afneembare hoes.<\/p>\n","protected":false},"excerpt":{"rendered":"<h2 class=\"p1\"><span class=\"s1\">Babynestje &#8211; Classic car<\/span><\/h2>\n<p class=\"p1\"><span class=\"s1\"><strong>Het baby slaapnestje is een ideaal bedverkleiner<\/strong> die <strong>baby<\/strong> tijdens zijn eerste nachten zal beschermen (in bed of elders).<\/span><\/p>\n<p class=\"p2\"><span class=\"s1\">Het geeft een gevoel van veiligheid. Het cre\u00ebert een zacht, knusse en rustgevend cocoontje.<\/span><\/p>\n<p class=\"p3\"><span class=\"s1\">Katoen, gewafeld.<br \/>\nAfmetingen : 84 cm Lang x 50 cm Breed<br \/>\nWasbaar in de machine op 30\u00b0<br \/>\nOvertrek van matras en kussen afneembaar.<\/span><\/p>\n<p class=\"p3\"><span class=\"s1\">Leeftijd : Vanaf geboorte<\/span><\/p>\n","protected":false},"featured_media":73616,"template":"","meta":[],"product_brand":[],"product_cat":[442,1563,460,468],"product_tag":[480,558],"class_list":{"0":"post-73614","1":"product","2":"type-product","3":"status-publish","4":"has-post-thumbnail","6":"product_cat-collectie-voor-kinderkamer","7":"product_cat-classic-car-nl","8":"product_cat-producten","9":"product_cat-beddengoed","10":"product_tag-beddengoed","11":"product_tag-kussen","13":"first","14":"instock","15":"taxable","16":"shipping-taxable","17":"purchasable","18":"product-type-simple"},"yoast_head":"<!-- This site is optimized with the Yoast SEO plugin v26.9 - https:\/\/yoast.com\/product\/yoast-seo-wordpress\/ -->\n<title>Classic Car Babynestje - Gewafeld - Th\u00e9ophile et Patachou<\/title>\n<meta name=\"description\" content=\"De Classic Car Babynestje is gewafeld en is de ideale verkleiner van bed die baby zal beschermen in zijn eerste nachten, terwijl zacht.\" \/>\n<meta name=\"robots\" content=\"index, follow, max-snippet:-1, max-image-preview:large, max-video-preview:-1\" \/>\n<link rel=\"canonical\" href=\"https:\/\/shop.theophile-patachou.com\/nl\/product\/babynestj\/\" \/>\n<meta property=\"og:locale\" content=\"nl_NL\" \/>\n<meta property=\"og:type\" content=\"article\" \/>\n<meta property=\"og:title\" content=\"Classic Car Babynestje - Gewafeld - Th\u00e9ophile et Patachou\" \/>\n<meta property=\"og:description\" content=\"De Classic Car Babynestje is gewafeld en is de ideale verkleiner van bed die baby zal beschermen in zijn eerste nachten, terwijl zacht.\" \/>\n<meta property=\"og:url\" content=\"https:\/\/shop.theophile-patachou.com\/nl\/product\/babynestj\/\" \/>\n<meta property=\"og:site_name\" content=\"Th\u00e9ophile et Patachou\" \/>\n<meta property=\"article:publisher\" content=\"https:\/\/www.facebook.com\/Th%c3%a9ophile-Patachou-197829346970085\/\" \/>\n<meta property=\"article:modified_time\" content=\"2025-12-01T15:35:26+00:00\" \/>\n<meta property=\"og:image\" content=\"https:\/\/shop.theophile-patachou.com\/wp-content\/uploads\/2024\/01\/MCAL.CC.jpg\" \/>\n\t<meta property=\"og:image:width\" content=\"1200\" \/>\n\t<meta property=\"og:image:height\" content=\"1200\" \/>\n\t<meta property=\"og:image:type\" content=\"image\/jpeg\" \/>\n<meta name=\"twitter:card\" content=\"summary_large_image\" \/>\n<meta name=\"twitter:site\" content=\"@TPBelgium\" \/>\n<meta name=\"twitter:label1\" content=\"Geschatte leestijd\" \/>\n\t<meta name=\"twitter:data1\" content=\"1 minuut\" \/>\n<script type=\"application\/ld+json\" class=\"yoast-schema-graph\">{\"@context\":\"https:\/\/schema.org\",\"@graph\":[{\"@type\":\"WebPage\",\"@id\":\"https:\/\/shop.theophile-patachou.com\/nl\/product\/babynestj\/\",\"url\":\"https:\/\/shop.theophile-patachou.com\/nl\/product\/babynestj\/\",\"name\":\"Classic Car Babynestje - Gewafeld - Th\u00e9ophile et Patachou\",\"isPartOf\":{\"@id\":\"https:\/\/shop.theophile-patachou.com\/nl\/#website\"},\"primaryImageOfPage\":{\"@id\":\"https:\/\/shop.theophile-patachou.com\/nl\/product\/babynestj\/#primaryimage\"},\"image\":{\"@id\":\"https:\/\/shop.theophile-patachou.com\/nl\/product\/babynestj\/#primaryimage\"},\"thumbnailUrl\":\"https:\/\/shop.theophile-patachou.com\/wp-content\/uploads\/2024\/01\/MCAL.CC.jpg\",\"datePublished\":\"2024-01-08T08:35:19+00:00\",\"dateModified\":\"2025-12-01T15:35:26+00:00\",\"description\":\"De Classic Car Babynestje is gewafeld en is de ideale verkleiner van bed die baby zal beschermen in zijn eerste nachten, terwijl zacht.\",\"breadcrumb\":{\"@id\":\"https:\/\/shop.theophile-patachou.com\/nl\/product\/babynestj\/#breadcrumb\"},\"inLanguage\":\"nl-NL\",\"potentialAction\":[{\"@type\":\"ReadAction\",\"target\":[\"https:\/\/shop.theophile-patachou.com\/nl\/product\/babynestj\/\"]}]},{\"@type\":\"ImageObject\",\"inLanguage\":\"nl-NL\",\"@id\":\"https:\/\/shop.theophile-patachou.com\/nl\/product\/babynestj\/#primaryimage\",\"url\":\"https:\/\/shop.theophile-patachou.com\/wp-content\/uploads\/2024\/01\/MCAL.CC.jpg\",\"contentUrl\":\"https:\/\/shop.theophile-patachou.com\/wp-content\/uploads\/2024\/01\/MCAL.CC.jpg\",\"width\":1200,\"height\":1200},{\"@type\":\"BreadcrumbList\",\"@id\":\"https:\/\/shop.theophile-patachou.com\/nl\/product\/babynestj\/#breadcrumb\",\"itemListElement\":[{\"@type\":\"ListItem\",\"position\":1,\"name\":\"Accueil\",\"item\":\"https:\/\/shop.theophile-patachou.com\/nl\/\"},{\"@type\":\"ListItem\",\"position\":2,\"name\":\"Producten\",\"item\":\"https:\/\/shop.theophile-patachou.com\/nl\/shop\/\"},{\"@type\":\"ListItem\",\"position\":3,\"name\":\"Babynestje\"}]},{\"@type\":\"WebSite\",\"@id\":\"https:\/\/shop.theophile-patachou.com\/nl\/#website\",\"url\":\"https:\/\/shop.theophile-patachou.com\/nl\/\",\"name\":\"Th\u00e9ophile et Patachou\",\"description\":\"Mobilier &amp; accessoires pour b\u00e9b\u00e9\",\"publisher\":{\"@id\":\"https:\/\/shop.theophile-patachou.com\/nl\/#organization\"},\"potentialAction\":[{\"@type\":\"SearchAction\",\"target\":{\"@type\":\"EntryPoint\",\"urlTemplate\":\"https:\/\/shop.theophile-patachou.com\/nl\/?s={search_term_string}\"},\"query-input\":{\"@type\":\"PropertyValueSpecification\",\"valueRequired\":true,\"valueName\":\"search_term_string\"}}],\"inLanguage\":\"nl-NL\"},{\"@type\":\"Organization\",\"@id\":\"https:\/\/shop.theophile-patachou.com\/nl\/#organization\",\"name\":\"Th\u00e9ophile & Patachou\",\"url\":\"https:\/\/shop.theophile-patachou.com\/nl\/\",\"logo\":{\"@type\":\"ImageObject\",\"inLanguage\":\"nl-NL\",\"@id\":\"https:\/\/shop.theophile-patachou.com\/nl\/#\/schema\/logo\/image\/\",\"url\":\"https:\/\/shop.theophile-patachou.com\/wp-content\/uploads\/2014\/12\/site-login-logo.png\",\"contentUrl\":\"https:\/\/shop.theophile-patachou.com\/wp-content\/uploads\/2014\/12\/site-login-logo.png\",\"width\":300,\"height\":150,\"caption\":\"Th\u00e9ophile & Patachou\"},\"image\":{\"@id\":\"https:\/\/shop.theophile-patachou.com\/nl\/#\/schema\/logo\/image\/\"},\"sameAs\":[\"https:\/\/www.facebook.com\/Th\u00e9ophile-Patachou-197829346970085\/\",\"https:\/\/x.com\/TPBelgium\",\"https:\/\/instagram.com\/theophile_patachou\/\",\"https:\/\/www.pinterest.com\/ThPat\/\"]}]}<\/script>\n<!-- \/ Yoast SEO plugin. -->","yoast_head_json":{"title":"Classic Car Babynestje - Gewafeld - Th\u00e9ophile et Patachou","description":"De Classic Car Babynestje is gewafeld en is de ideale verkleiner van bed die baby zal beschermen in zijn eerste nachten, terwijl zacht.","robots":{"index":"index","follow":"follow","max-snippet":"max-snippet:-1","max-image-preview":"max-image-preview:large","max-video-preview":"max-video-preview:-1"},"canonical":"https:\/\/shop.theophile-patachou.com\/nl\/product\/babynestj\/","og_locale":"nl_NL","og_type":"article","og_title":"Classic Car Babynestje - Gewafeld - Th\u00e9ophile et Patachou","og_description":"De Classic Car Babynestje is gewafeld en is de ideale verkleiner van bed die baby zal beschermen in zijn eerste nachten, terwijl zacht.","og_url":"https:\/\/shop.theophile-patachou.com\/nl\/product\/babynestj\/","og_site_name":"Th\u00e9ophile et Patachou","article_publisher":"https:\/\/www.facebook.com\/Th%c3%a9ophile-Patachou-197829346970085\/","article_modified_time":"2025-12-01T15:35:26+00:00","og_image":[{"width":1200,"height":1200,"url":"https:\/\/shop.theophile-patachou.com\/wp-content\/uploads\/2024\/01\/MCAL.CC.jpg","type":"image\/jpeg"}],"twitter_card":"summary_large_image","twitter_site":"@TPBelgium","twitter_misc":{"Geschatte leestijd":"1 minuut"},"schema":{"@context":"https:\/\/schema.org","@graph":[{"@type":"WebPage","@id":"https:\/\/shop.theophile-patachou.com\/nl\/product\/babynestj\/","url":"https:\/\/shop.theophile-patachou.com\/nl\/product\/babynestj\/","name":"Classic Car Babynestje - Gewafeld - Th\u00e9ophile et Patachou","isPartOf":{"@id":"https:\/\/shop.theophile-patachou.com\/nl\/#website"},"primaryImageOfPage":{"@id":"https:\/\/shop.theophile-patachou.com\/nl\/product\/babynestj\/#primaryimage"},"image":{"@id":"https:\/\/shop.theophile-patachou.com\/nl\/product\/babynestj\/#primaryimage"},"thumbnailUrl":"https:\/\/shop.theophile-patachou.com\/wp-content\/uploads\/2024\/01\/MCAL.CC.jpg","datePublished":"2024-01-08T08:35:19+00:00","dateModified":"2025-12-01T15:35:26+00:00","description":"De Classic Car Babynestje is gewafeld en is de ideale verkleiner van bed die baby zal beschermen in zijn eerste nachten, terwijl zacht.","breadcrumb":{"@id":"https:\/\/shop.theophile-patachou.com\/nl\/product\/babynestj\/#breadcrumb"},"inLanguage":"nl-NL","potentialAction":[{"@type":"ReadAction","target":["https:\/\/shop.theophile-patachou.com\/nl\/product\/babynestj\/"]}]},{"@type":"ImageObject","inLanguage":"nl-NL","@id":"https:\/\/shop.theophile-patachou.com\/nl\/product\/babynestj\/#primaryimage","url":"https:\/\/shop.theophile-patachou.com\/wp-content\/uploads\/2024\/01\/MCAL.CC.jpg","contentUrl":"https:\/\/shop.theophile-patachou.com\/wp-content\/uploads\/2024\/01\/MCAL.CC.jpg","width":1200,"height":1200},{"@type":"BreadcrumbList","@id":"https:\/\/shop.theophile-patachou.com\/nl\/product\/babynestj\/#breadcrumb","itemListElement":[{"@type":"ListItem","position":1,"name":"Accueil","item":"https:\/\/shop.theophile-patachou.com\/nl\/"},{"@type":"ListItem","position":2,"name":"Producten","item":"https:\/\/shop.theophile-patachou.com\/nl\/shop\/"},{"@type":"ListItem","position":3,"name":"Babynestje"}]},{"@type":"WebSite","@id":"https:\/\/shop.theophile-patachou.com\/nl\/#website","url":"https:\/\/shop.theophile-patachou.com\/nl\/","name":"Th\u00e9ophile et Patachou","description":"Mobilier &amp; accessoires pour b\u00e9b\u00e9","publisher":{"@id":"https:\/\/shop.theophile-patachou.com\/nl\/#organization"},"potentialAction":[{"@type":"SearchAction","target":{"@type":"EntryPoint","urlTemplate":"https:\/\/shop.theophile-patachou.com\/nl\/?s={search_term_string}"},"query-input":{"@type":"PropertyValueSpecification","valueRequired":true,"valueName":"search_term_string"}}],"inLanguage":"nl-NL"},{"@type":"Organization","@id":"https:\/\/shop.theophile-patachou.com\/nl\/#organization","name":"Th\u00e9ophile & Patachou","url":"https:\/\/shop.theophile-patachou.com\/nl\/","logo":{"@type":"ImageObject","inLanguage":"nl-NL","@id":"https:\/\/shop.theophile-patachou.com\/nl\/#\/schema\/logo\/image\/","url":"https:\/\/shop.theophile-patachou.com\/wp-content\/uploads\/2014\/12\/site-login-logo.png","contentUrl":"https:\/\/shop.theophile-patachou.com\/wp-content\/uploads\/2014\/12\/site-login-logo.png","width":300,"height":150,"caption":"Th\u00e9ophile & Patachou"},"image":{"@id":"https:\/\/shop.theophile-patachou.com\/nl\/#\/schema\/logo\/image\/"},"sameAs":["https:\/\/www.facebook.com\/Th\u00e9ophile-Patachou-197829346970085\/","https:\/\/x.com\/TPBelgium","https:\/\/instagram.com\/theophile_patachou\/","https:\/\/www.pinterest.com\/ThPat\/"]}]}},"_links":{"self":[{"href":"https:\/\/shop.theophile-patachou.com\/nl\/wp-json\/wp\/v2\/product\/73614","targetHints":{"allow":["GET"]}}],"collection":[{"href":"https:\/\/shop.theophile-patachou.com\/nl\/wp-json\/wp\/v2\/product"}],"about":[{"href":"https:\/\/shop.theophile-patachou.com\/nl\/wp-json\/wp\/v2\/types\/product"}],"wp:featuredmedia":[{"embeddable":true,"href":"https:\/\/shop.theophile-patachou.com\/nl\/wp-json\/wp\/v2\/media\/73616"}],"wp:attachment":[{"href":"https:\/\/shop.theophile-patachou.com\/nl\/wp-json\/wp\/v2\/media?parent=73614"}],"wp:term":[{"taxonomy":"product_brand","embeddable":true,"href":"https:\/\/shop.theophile-patachou.com\/nl\/wp-json\/wp\/v2\/product_brand?post=73614"},{"taxonomy":"product_cat","embeddable":true,"href":"https:\/\/shop.theophile-patachou.com\/nl\/wp-json\/wp\/v2\/product_cat?post=73614"},{"taxonomy":"product_tag","embeddable":true,"href":"https:\/\/shop.theophile-patachou.com\/nl\/wp-json\/wp\/v2\/product_tag?post=73614"}],"curies":[{"name":"wp","href":"https:\/\/api.w.org\/{rel}","templated":true}]}}