{"id":80053,"date":"2025-04-12T12:06:05","date_gmt":"2025-04-12T11:06:14","guid":{"rendered":"https:\/\/shop.theophile-patachou.com\/product\/verzorgingstafel-design\/"},"modified":"2025-05-21T10:19:06","modified_gmt":"2025-05-21T09:19:06","slug":"verzorgingstafel-design","status":"publish","type":"product","link":"https:\/\/shop.theophile-patachou.com\/nl\/product\/verzorgingstafel-design\/","title":{"rendered":"Verzorgingstafel Design"},"content":{"rendered":"<p>Verzorgingstafel Design<\/p>\n<p>Afmetingen : L:57,5 x D:74 x H:102 cm<\/p>\n<h4><strong>\u20ac595,00*<\/strong> (Levering niet inbegrepen)<\/h4>\n<h4>De aangeboden levering vanaf 150\u20ac is niet van toepassing op het meubilair.<\/h4>\n<p>Het meubilair wordt geleverd met een gedetailleerde handleiding in verschillende goed beschermde dozen om het transport en de toegang tot de kinderkamer te vergemakkelijken,.<\/p>\n<p>Voor het meubilair raadpleeg onze klantendienst per telefoon of e-mail om een gepersonaliseerde offerte te ontvangen*.<br \/>\n0032 10 24 66 12 \u2013\u00a0<a href=\"mailto:info@theophile-patachou.com\">info@theophile-patachou.com<\/a><\/p>\n<p>*Het meubilair is niet on-line beschikbaar, enkel via offerte en bij de erkende Th\u00e9ophile &amp; Patachou verdelers.<\/p>\n<p><a href=\"https:\/\/www.theophile-patachou.com\/nl\/chambres\/design\/\" target=\"_blank\" rel=\"noopener noreferrer\">Ontdek het gamma Design<\/a><\/p>\n<p>&nbsp;<\/p>\n","protected":false},"excerpt":{"rendered":"<p>Verzorgingstafel Design<\/p>\n<p>Afmetingen : L:57,5 x D:74 x H:102 cm<\/p>\n<h4><strong>\u20ac595,00*<\/strong> (Levering niet inbegrepen)<\/h4>\n<h4>De aangeboden levering vanaf 150\u20ac is niet van toepassing op het meubilair.<\/h4>\n<p>Het meubilair wordt geleverd met een gedetailleerde handleiding in verschillende goed beschermde dozen om het transport en de toegang tot de kinderkamer te vergemakkelijken,.<\/p>\n<p>Voor het meubilair raadpleeg onze klantendienst per telefoon of e-mail om een gepersonaliseerde offerte te ontvangen*.<br \/>\n0032 10 24 66 12 \u2013\u00a0<a href=\"mailto:info@theophile-patachou.com\">info@theophile-patachou.com<\/a><\/p>\n<p>*Het meubilair is niet on-line beschikbaar, enkel via offerte en bij de erkende Th\u00e9ophile &amp; Patachou verdelers.<\/p>\n<p><a href=\"https:\/\/www.theophile-patachou.com\/nl\/chambres\/design\/\" target=\"_blank\" rel=\"noopener noreferrer\">Ontdek het gamma Design<\/a><\/p>\n<p>&nbsp;<\/p>\n","protected":false},"featured_media":80058,"template":"","meta":[],"product_brand":[],"product_cat":[1220,1228,1226],"product_tag":[],"class_list":{"0":"post-80053","1":"product","2":"type-product","3":"status-publish","4":"has-post-thumbnail","6":"product_cat-meubilair-nl","7":"product_cat-louiswit","8":"product_cat-design-nl","10":"first","11":"instock","12":"taxable","13":"shipping-taxable","14":"product-type-simple"},"yoast_head":"<!-- This site is optimized with the Yoast SEO plugin v26.9 - https:\/\/yoast.com\/product\/yoast-seo-wordpress\/ -->\n<title>Verzorgingstafel Design - Th\u00e9ophile et Patachou<\/title>\n<meta name=\"robots\" content=\"index, follow, max-snippet:-1, max-image-preview:large, max-video-preview:-1\" \/>\n<link rel=\"canonical\" href=\"https:\/\/shop.theophile-patachou.com\/nl\/product\/verzorgingstafel-design\/\" \/>\n<meta property=\"og:locale\" content=\"nl_NL\" \/>\n<meta property=\"og:type\" content=\"article\" \/>\n<meta property=\"og:title\" content=\"Verzorgingstafel Design - Th\u00e9ophile et Patachou\" \/>\n<meta property=\"og:description\" content=\"Verzorgingstafel Design  Afmetingen : L:57,5 x D:74 x H:102 cm \u20ac595,00* (Levering niet inbegrepen) De aangeboden levering vanaf 150\u20ac is niet van toepassing op het meubilair. Het meubilair wordt geleverd met een gedetailleerde handleiding in verschillende goed beschermde dozen om het transport en de toegang tot de kinderkamer te vergemakkelijken,.  Voor het meubilair raadpleeg onze klantendienst per telefoon of e-mail om een gepersonaliseerde offerte te ontvangen*. 0032 10 24 66 12 \u2013\u00a0info@theophile-patachou.com  *Het meubilair is niet on-line beschikbaar, enkel via offerte en bij de erkende Th\u00e9ophile &amp; Patachou verdelers.  Ontdek het gamma Design  &nbsp;\" \/>\n<meta property=\"og:url\" content=\"https:\/\/shop.theophile-patachou.com\/nl\/product\/verzorgingstafel-design\/\" \/>\n<meta property=\"og:site_name\" content=\"Th\u00e9ophile et Patachou\" \/>\n<meta property=\"article:publisher\" content=\"https:\/\/www.facebook.com\/Th%c3%a9ophile-Patachou-197829346970085\/\" \/>\n<meta property=\"article:modified_time\" content=\"2025-05-21T09:19:06+00:00\" \/>\n<meta property=\"og:image\" content=\"https:\/\/shop.theophile-patachou.com\/wp-content\/uploads\/2025\/04\/TABLEB2___TABLEB2.jpg\" \/>\n\t<meta property=\"og:image:width\" content=\"1200\" \/>\n\t<meta property=\"og:image:height\" content=\"1200\" \/>\n\t<meta property=\"og:image:type\" content=\"image\/jpeg\" \/>\n<meta name=\"twitter:card\" content=\"summary_large_image\" \/>\n<meta name=\"twitter:site\" content=\"@TPBelgium\" \/>\n<meta name=\"twitter:label1\" content=\"Geschatte leestijd\" \/>\n\t<meta name=\"twitter:data1\" content=\"1 minuut\" \/>\n<script type=\"application\/ld+json\" class=\"yoast-schema-graph\">{\"@context\":\"https:\/\/schema.org\",\"@graph\":[{\"@type\":\"WebPage\",\"@id\":\"https:\/\/shop.theophile-patachou.com\/nl\/product\/verzorgingstafel-design\/\",\"url\":\"https:\/\/shop.theophile-patachou.com\/nl\/product\/verzorgingstafel-design\/\",\"name\":\"Verzorgingstafel Design - Th\u00e9ophile et Patachou\",\"isPartOf\":{\"@id\":\"https:\/\/shop.theophile-patachou.com\/nl\/#website\"},\"primaryImageOfPage\":{\"@id\":\"https:\/\/shop.theophile-patachou.com\/nl\/product\/verzorgingstafel-design\/#primaryimage\"},\"image\":{\"@id\":\"https:\/\/shop.theophile-patachou.com\/nl\/product\/verzorgingstafel-design\/#primaryimage\"},\"thumbnailUrl\":\"https:\/\/shop.theophile-patachou.com\/wp-content\/uploads\/2025\/04\/TABLEB2___TABLEB2.jpg\",\"datePublished\":\"2025-04-12T11:06:14+00:00\",\"dateModified\":\"2025-05-21T09:19:06+00:00\",\"breadcrumb\":{\"@id\":\"https:\/\/shop.theophile-patachou.com\/nl\/product\/verzorgingstafel-design\/#breadcrumb\"},\"inLanguage\":\"nl-NL\",\"potentialAction\":[{\"@type\":\"ReadAction\",\"target\":[\"https:\/\/shop.theophile-patachou.com\/nl\/product\/verzorgingstafel-design\/\"]}]},{\"@type\":\"ImageObject\",\"inLanguage\":\"nl-NL\",\"@id\":\"https:\/\/shop.theophile-patachou.com\/nl\/product\/verzorgingstafel-design\/#primaryimage\",\"url\":\"https:\/\/shop.theophile-patachou.com\/wp-content\/uploads\/2025\/04\/TABLEB2___TABLEB2.jpg\",\"contentUrl\":\"https:\/\/shop.theophile-patachou.com\/wp-content\/uploads\/2025\/04\/TABLEB2___TABLEB2.jpg\",\"width\":1200,\"height\":1200},{\"@type\":\"BreadcrumbList\",\"@id\":\"https:\/\/shop.theophile-patachou.com\/nl\/product\/verzorgingstafel-design\/#breadcrumb\",\"itemListElement\":[{\"@type\":\"ListItem\",\"position\":1,\"name\":\"Accueil\",\"item\":\"https:\/\/shop.theophile-patachou.com\/nl\/\"},{\"@type\":\"ListItem\",\"position\":2,\"name\":\"Producten\",\"item\":\"https:\/\/shop.theophile-patachou.com\/nl\/shop\/\"},{\"@type\":\"ListItem\",\"position\":3,\"name\":\"Verzorgingstafel Design\"}]},{\"@type\":\"WebSite\",\"@id\":\"https:\/\/shop.theophile-patachou.com\/nl\/#website\",\"url\":\"https:\/\/shop.theophile-patachou.com\/nl\/\",\"name\":\"Th\u00e9ophile et Patachou\",\"description\":\"Mobilier &amp; accessoires pour b\u00e9b\u00e9\",\"publisher\":{\"@id\":\"https:\/\/shop.theophile-patachou.com\/nl\/#organization\"},\"potentialAction\":[{\"@type\":\"SearchAction\",\"target\":{\"@type\":\"EntryPoint\",\"urlTemplate\":\"https:\/\/shop.theophile-patachou.com\/nl\/?s={search_term_string}\"},\"query-input\":{\"@type\":\"PropertyValueSpecification\",\"valueRequired\":true,\"valueName\":\"search_term_string\"}}],\"inLanguage\":\"nl-NL\"},{\"@type\":\"Organization\",\"@id\":\"https:\/\/shop.theophile-patachou.com\/nl\/#organization\",\"name\":\"Th\u00e9ophile & Patachou\",\"url\":\"https:\/\/shop.theophile-patachou.com\/nl\/\",\"logo\":{\"@type\":\"ImageObject\",\"inLanguage\":\"nl-NL\",\"@id\":\"https:\/\/shop.theophile-patachou.com\/nl\/#\/schema\/logo\/image\/\",\"url\":\"https:\/\/shop.theophile-patachou.com\/wp-content\/uploads\/2014\/12\/site-login-logo.png\",\"contentUrl\":\"https:\/\/shop.theophile-patachou.com\/wp-content\/uploads\/2014\/12\/site-login-logo.png\",\"width\":300,\"height\":150,\"caption\":\"Th\u00e9ophile & Patachou\"},\"image\":{\"@id\":\"https:\/\/shop.theophile-patachou.com\/nl\/#\/schema\/logo\/image\/\"},\"sameAs\":[\"https:\/\/www.facebook.com\/Th\u00e9ophile-Patachou-197829346970085\/\",\"https:\/\/x.com\/TPBelgium\",\"https:\/\/instagram.com\/theophile_patachou\/\",\"https:\/\/www.pinterest.com\/ThPat\/\"]}]}<\/script>\n<!-- \/ Yoast SEO plugin. -->","yoast_head_json":{"title":"Verzorgingstafel Design - Th\u00e9ophile et Patachou","robots":{"index":"index","follow":"follow","max-snippet":"max-snippet:-1","max-image-preview":"max-image-preview:large","max-video-preview":"max-video-preview:-1"},"canonical":"https:\/\/shop.theophile-patachou.com\/nl\/product\/verzorgingstafel-design\/","og_locale":"nl_NL","og_type":"article","og_title":"Verzorgingstafel Design - Th\u00e9ophile et Patachou","og_description":"Verzorgingstafel Design  Afmetingen : L:57,5 x D:74 x H:102 cm \u20ac595,00* (Levering niet inbegrepen) De aangeboden levering vanaf 150\u20ac is niet van toepassing op het meubilair. Het meubilair wordt geleverd met een gedetailleerde handleiding in verschillende goed beschermde dozen om het transport en de toegang tot de kinderkamer te vergemakkelijken,.  Voor het meubilair raadpleeg onze klantendienst per telefoon of e-mail om een gepersonaliseerde offerte te ontvangen*. 0032 10 24 66 12 \u2013\u00a0info@theophile-patachou.com  *Het meubilair is niet on-line beschikbaar, enkel via offerte en bij de erkende Th\u00e9ophile &amp; Patachou verdelers.  Ontdek het gamma Design  &nbsp;","og_url":"https:\/\/shop.theophile-patachou.com\/nl\/product\/verzorgingstafel-design\/","og_site_name":"Th\u00e9ophile et Patachou","article_publisher":"https:\/\/www.facebook.com\/Th%c3%a9ophile-Patachou-197829346970085\/","article_modified_time":"2025-05-21T09:19:06+00:00","og_image":[{"width":1200,"height":1200,"url":"https:\/\/shop.theophile-patachou.com\/wp-content\/uploads\/2025\/04\/TABLEB2___TABLEB2.jpg","type":"image\/jpeg"}],"twitter_card":"summary_large_image","twitter_site":"@TPBelgium","twitter_misc":{"Geschatte leestijd":"1 minuut"},"schema":{"@context":"https:\/\/schema.org","@graph":[{"@type":"WebPage","@id":"https:\/\/shop.theophile-patachou.com\/nl\/product\/verzorgingstafel-design\/","url":"https:\/\/shop.theophile-patachou.com\/nl\/product\/verzorgingstafel-design\/","name":"Verzorgingstafel Design - Th\u00e9ophile et Patachou","isPartOf":{"@id":"https:\/\/shop.theophile-patachou.com\/nl\/#website"},"primaryImageOfPage":{"@id":"https:\/\/shop.theophile-patachou.com\/nl\/product\/verzorgingstafel-design\/#primaryimage"},"image":{"@id":"https:\/\/shop.theophile-patachou.com\/nl\/product\/verzorgingstafel-design\/#primaryimage"},"thumbnailUrl":"https:\/\/shop.theophile-patachou.com\/wp-content\/uploads\/2025\/04\/TABLEB2___TABLEB2.jpg","datePublished":"2025-04-12T11:06:14+00:00","dateModified":"2025-05-21T09:19:06+00:00","breadcrumb":{"@id":"https:\/\/shop.theophile-patachou.com\/nl\/product\/verzorgingstafel-design\/#breadcrumb"},"inLanguage":"nl-NL","potentialAction":[{"@type":"ReadAction","target":["https:\/\/shop.theophile-patachou.com\/nl\/product\/verzorgingstafel-design\/"]}]},{"@type":"ImageObject","inLanguage":"nl-NL","@id":"https:\/\/shop.theophile-patachou.com\/nl\/product\/verzorgingstafel-design\/#primaryimage","url":"https:\/\/shop.theophile-patachou.com\/wp-content\/uploads\/2025\/04\/TABLEB2___TABLEB2.jpg","contentUrl":"https:\/\/shop.theophile-patachou.com\/wp-content\/uploads\/2025\/04\/TABLEB2___TABLEB2.jpg","width":1200,"height":1200},{"@type":"BreadcrumbList","@id":"https:\/\/shop.theophile-patachou.com\/nl\/product\/verzorgingstafel-design\/#breadcrumb","itemListElement":[{"@type":"ListItem","position":1,"name":"Accueil","item":"https:\/\/shop.theophile-patachou.com\/nl\/"},{"@type":"ListItem","position":2,"name":"Producten","item":"https:\/\/shop.theophile-patachou.com\/nl\/shop\/"},{"@type":"ListItem","position":3,"name":"Verzorgingstafel Design"}]},{"@type":"WebSite","@id":"https:\/\/shop.theophile-patachou.com\/nl\/#website","url":"https:\/\/shop.theophile-patachou.com\/nl\/","name":"Th\u00e9ophile et Patachou","description":"Mobilier &amp; accessoires pour b\u00e9b\u00e9","publisher":{"@id":"https:\/\/shop.theophile-patachou.com\/nl\/#organization"},"potentialAction":[{"@type":"SearchAction","target":{"@type":"EntryPoint","urlTemplate":"https:\/\/shop.theophile-patachou.com\/nl\/?s={search_term_string}"},"query-input":{"@type":"PropertyValueSpecification","valueRequired":true,"valueName":"search_term_string"}}],"inLanguage":"nl-NL"},{"@type":"Organization","@id":"https:\/\/shop.theophile-patachou.com\/nl\/#organization","name":"Th\u00e9ophile & Patachou","url":"https:\/\/shop.theophile-patachou.com\/nl\/","logo":{"@type":"ImageObject","inLanguage":"nl-NL","@id":"https:\/\/shop.theophile-patachou.com\/nl\/#\/schema\/logo\/image\/","url":"https:\/\/shop.theophile-patachou.com\/wp-content\/uploads\/2014\/12\/site-login-logo.png","contentUrl":"https:\/\/shop.theophile-patachou.com\/wp-content\/uploads\/2014\/12\/site-login-logo.png","width":300,"height":150,"caption":"Th\u00e9ophile & Patachou"},"image":{"@id":"https:\/\/shop.theophile-patachou.com\/nl\/#\/schema\/logo\/image\/"},"sameAs":["https:\/\/www.facebook.com\/Th\u00e9ophile-Patachou-197829346970085\/","https:\/\/x.com\/TPBelgium","https:\/\/instagram.com\/theophile_patachou\/","https:\/\/www.pinterest.com\/ThPat\/"]}]}},"_links":{"self":[{"href":"https:\/\/shop.theophile-patachou.com\/nl\/wp-json\/wp\/v2\/product\/80053","targetHints":{"allow":["GET"]}}],"collection":[{"href":"https:\/\/shop.theophile-patachou.com\/nl\/wp-json\/wp\/v2\/product"}],"about":[{"href":"https:\/\/shop.theophile-patachou.com\/nl\/wp-json\/wp\/v2\/types\/product"}],"wp:featuredmedia":[{"embeddable":true,"href":"https:\/\/shop.theophile-patachou.com\/nl\/wp-json\/wp\/v2\/media\/80058"}],"wp:attachment":[{"href":"https:\/\/shop.theophile-patachou.com\/nl\/wp-json\/wp\/v2\/media?parent=80053"}],"wp:term":[{"taxonomy":"product_brand","embeddable":true,"href":"https:\/\/shop.theophile-patachou.com\/nl\/wp-json\/wp\/v2\/product_brand?post=80053"},{"taxonomy":"product_cat","embeddable":true,"href":"https:\/\/shop.theophile-patachou.com\/nl\/wp-json\/wp\/v2\/product_cat?post=80053"},{"taxonomy":"product_tag","embeddable":true,"href":"https:\/\/shop.theophile-patachou.com\/nl\/wp-json\/wp\/v2\/product_tag?post=80053"}],"curies":[{"name":"wp","href":"https:\/\/api.w.org\/{rel}","templated":true}]}}