{"id":81277,"date":"2025-08-20T17:00:13","date_gmt":"2025-08-20T16:00:13","guid":{"rendered":"https:\/\/shop.theophile-patachou.com\/product\/tp-kinderwagen-bruin\/"},"modified":"2025-10-01T13:48:31","modified_gmt":"2025-10-01T12:48:31","slug":"tp-kinderwagen-bruin","status":"publish","type":"product","link":"https:\/\/shop.theophile-patachou.com\/nl\/product\/tp-kinderwagen-bruin\/","title":{"rendered":"T&amp;P Kinderwagen &#8211; bruin"},"content":{"rendered":"<h2>Kinderwagen Bruin<\/h2>\n<h4><strong>Levering 4 tot 8 werkdagen (speciale leveringstermijn voor grote pakketten)<\/strong><\/h4>\n<p>Wandel in stijl met de <strong>Th\u00e9ophile &amp; Patachou kinderwagen<\/strong>.<\/p>\n<p>De nieuwe praktische en fraaie T &amp; P kinderwagn voldoet aan al de behoeften van ouders. Deze is perfect <strong>om op pad te gaan in stad of in de vrije natuur<\/strong>.<\/p>\n<p>De kinderwagen met <strong>draagmand<\/strong> (voor pasgeborene) of met de <strong>buggyzitting<\/strong> (vanaf 6 maanden) is ontworpen om een optimale veiligheid en een beter comfort aan uw baby te bieden.<\/p>\n<p>Neem uw kinderwagen mee in de auto dankzij een eenvoudig vouwsysteem.<\/p>\n<p>De draagmand is afneembaar. De handgreep is verzetbaar en kan uitgerust worden met warme wanten (inbegrepen in de standaard kinderwagenuitrusting) voor een nog beter comfort van papa en mama.<\/p>\n<p>Het parkeersysteem kan de 2 wielen snel en gemakkelijk vergrendelen.<\/p>\n<p>Uw kinderwagen zal baby effici\u00ebnt beschermen onder alle omstandigheden: tegen de zon, de regen en de kou dankzij zijn verschillende accessoires.<\/p>\n<p>De Kinderwagen wordt geleverd met : het <strong>onderstel<\/strong> (uitgerust met een dubbele verstelbare vering en anti-lek banden), de <strong>draagmand<\/strong> ( matras en ventilatiesysteem inbegrepen), de buggyzitting, de verzoringstas met waskussen, de parasol, de cupholder, de handbeschermingen, het muggennet, het regenzeil en de opbergmand.<\/p>\n<p>Inbegrepen :<\/p>\n<p><strong>-adapter <\/strong>autostoel voor<strong> maxi-cosi en cybex<\/strong>.<\/p>\n<p><strong>-voetenzak<\/strong> voor buggyzitting<\/p>\n<p>Draagmand: 5,5 kg<br \/>Buggyzitting: 4,5 kg<br \/>Onderstel: 8,5 kg<br \/>Afmetingen onderstel gebogen: 72 X 58 X 58 cm.<\/p>\n","protected":false},"excerpt":{"rendered":"<p>T&amp;P Kinderwagen &#8211; bruin<\/p>\n","protected":false},"featured_media":81297,"template":"","meta":[],"product_brand":[],"product_cat":[1267],"product_tag":[],"class_list":{"0":"post-81277","1":"product","2":"type-product","3":"status-publish","4":"has-post-thumbnail","6":"product_cat-kinderwagen","8":"first","9":"outofstock","10":"taxable","11":"shipping-taxable","12":"purchasable","13":"product-type-simple"},"yoast_head":"<!-- This site is optimized with the Yoast SEO plugin v26.9 - https:\/\/yoast.com\/product\/yoast-seo-wordpress\/ -->\n<title>T&amp;P Kinderwagen - bruin - Th\u00e9ophile et Patachou<\/title>\n<meta name=\"robots\" content=\"index, follow, max-snippet:-1, max-image-preview:large, max-video-preview:-1\" \/>\n<link rel=\"canonical\" href=\"https:\/\/shop.theophile-patachou.com\/nl\/product\/tp-kinderwagen-bruin\/\" \/>\n<meta property=\"og:locale\" content=\"nl_NL\" \/>\n<meta property=\"og:type\" content=\"article\" \/>\n<meta property=\"og:title\" content=\"T&amp;P Kinderwagen - bruin - Th\u00e9ophile et Patachou\" \/>\n<meta property=\"og:description\" content=\"T&amp;P Kinderwagen - bruin\" \/>\n<meta property=\"og:url\" content=\"https:\/\/shop.theophile-patachou.com\/nl\/product\/tp-kinderwagen-bruin\/\" \/>\n<meta property=\"og:site_name\" content=\"Th\u00e9ophile et Patachou\" \/>\n<meta property=\"article:publisher\" content=\"https:\/\/www.facebook.com\/Th%c3%a9ophile-Patachou-197829346970085\/\" \/>\n<meta property=\"article:modified_time\" content=\"2025-10-01T12:48:31+00:00\" \/>\n<meta property=\"og:image\" content=\"https:\/\/shop.theophile-patachou.com\/wp-content\/uploads\/2025\/08\/CASUAL.BROWN___CASUAL.BROWN_.jpg\" \/>\n\t<meta property=\"og:image:width\" content=\"1200\" \/>\n\t<meta property=\"og:image:height\" content=\"1200\" \/>\n\t<meta property=\"og:image:type\" content=\"image\/jpeg\" \/>\n<meta name=\"twitter:card\" content=\"summary_large_image\" \/>\n<meta name=\"twitter:site\" content=\"@TPBelgium\" \/>\n<meta name=\"twitter:label1\" content=\"Geschatte leestijd\" \/>\n\t<meta name=\"twitter:data1\" content=\"1 minuut\" \/>\n<script type=\"application\/ld+json\" class=\"yoast-schema-graph\">{\"@context\":\"https:\/\/schema.org\",\"@graph\":[{\"@type\":\"WebPage\",\"@id\":\"https:\/\/shop.theophile-patachou.com\/nl\/product\/tp-kinderwagen-bruin\/\",\"url\":\"https:\/\/shop.theophile-patachou.com\/nl\/product\/tp-kinderwagen-bruin\/\",\"name\":\"T&amp;P Kinderwagen - bruin - Th\u00e9ophile et Patachou\",\"isPartOf\":{\"@id\":\"https:\/\/shop.theophile-patachou.com\/nl\/#website\"},\"primaryImageOfPage\":{\"@id\":\"https:\/\/shop.theophile-patachou.com\/nl\/product\/tp-kinderwagen-bruin\/#primaryimage\"},\"image\":{\"@id\":\"https:\/\/shop.theophile-patachou.com\/nl\/product\/tp-kinderwagen-bruin\/#primaryimage\"},\"thumbnailUrl\":\"https:\/\/shop.theophile-patachou.com\/wp-content\/uploads\/2025\/08\/CASUAL.BROWN___CASUAL.BROWN_.jpg\",\"datePublished\":\"2025-08-20T16:00:13+00:00\",\"dateModified\":\"2025-10-01T12:48:31+00:00\",\"breadcrumb\":{\"@id\":\"https:\/\/shop.theophile-patachou.com\/nl\/product\/tp-kinderwagen-bruin\/#breadcrumb\"},\"inLanguage\":\"nl-NL\",\"potentialAction\":[{\"@type\":\"ReadAction\",\"target\":[\"https:\/\/shop.theophile-patachou.com\/nl\/product\/tp-kinderwagen-bruin\/\"]}]},{\"@type\":\"ImageObject\",\"inLanguage\":\"nl-NL\",\"@id\":\"https:\/\/shop.theophile-patachou.com\/nl\/product\/tp-kinderwagen-bruin\/#primaryimage\",\"url\":\"https:\/\/shop.theophile-patachou.com\/wp-content\/uploads\/2025\/08\/CASUAL.BROWN___CASUAL.BROWN_.jpg\",\"contentUrl\":\"https:\/\/shop.theophile-patachou.com\/wp-content\/uploads\/2025\/08\/CASUAL.BROWN___CASUAL.BROWN_.jpg\",\"width\":1200,\"height\":1200},{\"@type\":\"BreadcrumbList\",\"@id\":\"https:\/\/shop.theophile-patachou.com\/nl\/product\/tp-kinderwagen-bruin\/#breadcrumb\",\"itemListElement\":[{\"@type\":\"ListItem\",\"position\":1,\"name\":\"Accueil\",\"item\":\"https:\/\/shop.theophile-patachou.com\/nl\/\"},{\"@type\":\"ListItem\",\"position\":2,\"name\":\"Producten\",\"item\":\"https:\/\/shop.theophile-patachou.com\/nl\/shop\/\"},{\"@type\":\"ListItem\",\"position\":3,\"name\":\"T&amp;P Kinderwagen &#8211; bruin\"}]},{\"@type\":\"WebSite\",\"@id\":\"https:\/\/shop.theophile-patachou.com\/nl\/#website\",\"url\":\"https:\/\/shop.theophile-patachou.com\/nl\/\",\"name\":\"Th\u00e9ophile et Patachou\",\"description\":\"Mobilier &amp; accessoires pour b\u00e9b\u00e9\",\"publisher\":{\"@id\":\"https:\/\/shop.theophile-patachou.com\/nl\/#organization\"},\"potentialAction\":[{\"@type\":\"SearchAction\",\"target\":{\"@type\":\"EntryPoint\",\"urlTemplate\":\"https:\/\/shop.theophile-patachou.com\/nl\/?s={search_term_string}\"},\"query-input\":{\"@type\":\"PropertyValueSpecification\",\"valueRequired\":true,\"valueName\":\"search_term_string\"}}],\"inLanguage\":\"nl-NL\"},{\"@type\":\"Organization\",\"@id\":\"https:\/\/shop.theophile-patachou.com\/nl\/#organization\",\"name\":\"Th\u00e9ophile & Patachou\",\"url\":\"https:\/\/shop.theophile-patachou.com\/nl\/\",\"logo\":{\"@type\":\"ImageObject\",\"inLanguage\":\"nl-NL\",\"@id\":\"https:\/\/shop.theophile-patachou.com\/nl\/#\/schema\/logo\/image\/\",\"url\":\"https:\/\/shop.theophile-patachou.com\/wp-content\/uploads\/2014\/12\/site-login-logo.png\",\"contentUrl\":\"https:\/\/shop.theophile-patachou.com\/wp-content\/uploads\/2014\/12\/site-login-logo.png\",\"width\":300,\"height\":150,\"caption\":\"Th\u00e9ophile & Patachou\"},\"image\":{\"@id\":\"https:\/\/shop.theophile-patachou.com\/nl\/#\/schema\/logo\/image\/\"},\"sameAs\":[\"https:\/\/www.facebook.com\/Th\u00e9ophile-Patachou-197829346970085\/\",\"https:\/\/x.com\/TPBelgium\",\"https:\/\/instagram.com\/theophile_patachou\/\",\"https:\/\/www.pinterest.com\/ThPat\/\"]}]}<\/script>\n<!-- \/ Yoast SEO plugin. -->","yoast_head_json":{"title":"T&amp;P Kinderwagen - bruin - Th\u00e9ophile et Patachou","robots":{"index":"index","follow":"follow","max-snippet":"max-snippet:-1","max-image-preview":"max-image-preview:large","max-video-preview":"max-video-preview:-1"},"canonical":"https:\/\/shop.theophile-patachou.com\/nl\/product\/tp-kinderwagen-bruin\/","og_locale":"nl_NL","og_type":"article","og_title":"T&amp;P Kinderwagen - bruin - Th\u00e9ophile et Patachou","og_description":"T&amp;P Kinderwagen - bruin","og_url":"https:\/\/shop.theophile-patachou.com\/nl\/product\/tp-kinderwagen-bruin\/","og_site_name":"Th\u00e9ophile et Patachou","article_publisher":"https:\/\/www.facebook.com\/Th%c3%a9ophile-Patachou-197829346970085\/","article_modified_time":"2025-10-01T12:48:31+00:00","og_image":[{"width":1200,"height":1200,"url":"https:\/\/shop.theophile-patachou.com\/wp-content\/uploads\/2025\/08\/CASUAL.BROWN___CASUAL.BROWN_.jpg","type":"image\/jpeg"}],"twitter_card":"summary_large_image","twitter_site":"@TPBelgium","twitter_misc":{"Geschatte leestijd":"1 minuut"},"schema":{"@context":"https:\/\/schema.org","@graph":[{"@type":"WebPage","@id":"https:\/\/shop.theophile-patachou.com\/nl\/product\/tp-kinderwagen-bruin\/","url":"https:\/\/shop.theophile-patachou.com\/nl\/product\/tp-kinderwagen-bruin\/","name":"T&amp;P Kinderwagen - bruin - Th\u00e9ophile et Patachou","isPartOf":{"@id":"https:\/\/shop.theophile-patachou.com\/nl\/#website"},"primaryImageOfPage":{"@id":"https:\/\/shop.theophile-patachou.com\/nl\/product\/tp-kinderwagen-bruin\/#primaryimage"},"image":{"@id":"https:\/\/shop.theophile-patachou.com\/nl\/product\/tp-kinderwagen-bruin\/#primaryimage"},"thumbnailUrl":"https:\/\/shop.theophile-patachou.com\/wp-content\/uploads\/2025\/08\/CASUAL.BROWN___CASUAL.BROWN_.jpg","datePublished":"2025-08-20T16:00:13+00:00","dateModified":"2025-10-01T12:48:31+00:00","breadcrumb":{"@id":"https:\/\/shop.theophile-patachou.com\/nl\/product\/tp-kinderwagen-bruin\/#breadcrumb"},"inLanguage":"nl-NL","potentialAction":[{"@type":"ReadAction","target":["https:\/\/shop.theophile-patachou.com\/nl\/product\/tp-kinderwagen-bruin\/"]}]},{"@type":"ImageObject","inLanguage":"nl-NL","@id":"https:\/\/shop.theophile-patachou.com\/nl\/product\/tp-kinderwagen-bruin\/#primaryimage","url":"https:\/\/shop.theophile-patachou.com\/wp-content\/uploads\/2025\/08\/CASUAL.BROWN___CASUAL.BROWN_.jpg","contentUrl":"https:\/\/shop.theophile-patachou.com\/wp-content\/uploads\/2025\/08\/CASUAL.BROWN___CASUAL.BROWN_.jpg","width":1200,"height":1200},{"@type":"BreadcrumbList","@id":"https:\/\/shop.theophile-patachou.com\/nl\/product\/tp-kinderwagen-bruin\/#breadcrumb","itemListElement":[{"@type":"ListItem","position":1,"name":"Accueil","item":"https:\/\/shop.theophile-patachou.com\/nl\/"},{"@type":"ListItem","position":2,"name":"Producten","item":"https:\/\/shop.theophile-patachou.com\/nl\/shop\/"},{"@type":"ListItem","position":3,"name":"T&amp;P Kinderwagen &#8211; bruin"}]},{"@type":"WebSite","@id":"https:\/\/shop.theophile-patachou.com\/nl\/#website","url":"https:\/\/shop.theophile-patachou.com\/nl\/","name":"Th\u00e9ophile et Patachou","description":"Mobilier &amp; accessoires pour b\u00e9b\u00e9","publisher":{"@id":"https:\/\/shop.theophile-patachou.com\/nl\/#organization"},"potentialAction":[{"@type":"SearchAction","target":{"@type":"EntryPoint","urlTemplate":"https:\/\/shop.theophile-patachou.com\/nl\/?s={search_term_string}"},"query-input":{"@type":"PropertyValueSpecification","valueRequired":true,"valueName":"search_term_string"}}],"inLanguage":"nl-NL"},{"@type":"Organization","@id":"https:\/\/shop.theophile-patachou.com\/nl\/#organization","name":"Th\u00e9ophile & Patachou","url":"https:\/\/shop.theophile-patachou.com\/nl\/","logo":{"@type":"ImageObject","inLanguage":"nl-NL","@id":"https:\/\/shop.theophile-patachou.com\/nl\/#\/schema\/logo\/image\/","url":"https:\/\/shop.theophile-patachou.com\/wp-content\/uploads\/2014\/12\/site-login-logo.png","contentUrl":"https:\/\/shop.theophile-patachou.com\/wp-content\/uploads\/2014\/12\/site-login-logo.png","width":300,"height":150,"caption":"Th\u00e9ophile & Patachou"},"image":{"@id":"https:\/\/shop.theophile-patachou.com\/nl\/#\/schema\/logo\/image\/"},"sameAs":["https:\/\/www.facebook.com\/Th\u00e9ophile-Patachou-197829346970085\/","https:\/\/x.com\/TPBelgium","https:\/\/instagram.com\/theophile_patachou\/","https:\/\/www.pinterest.com\/ThPat\/"]}]}},"_links":{"self":[{"href":"https:\/\/shop.theophile-patachou.com\/nl\/wp-json\/wp\/v2\/product\/81277","targetHints":{"allow":["GET"]}}],"collection":[{"href":"https:\/\/shop.theophile-patachou.com\/nl\/wp-json\/wp\/v2\/product"}],"about":[{"href":"https:\/\/shop.theophile-patachou.com\/nl\/wp-json\/wp\/v2\/types\/product"}],"wp:featuredmedia":[{"embeddable":true,"href":"https:\/\/shop.theophile-patachou.com\/nl\/wp-json\/wp\/v2\/media\/81297"}],"wp:attachment":[{"href":"https:\/\/shop.theophile-patachou.com\/nl\/wp-json\/wp\/v2\/media?parent=81277"}],"wp:term":[{"taxonomy":"product_brand","embeddable":true,"href":"https:\/\/shop.theophile-patachou.com\/nl\/wp-json\/wp\/v2\/product_brand?post=81277"},{"taxonomy":"product_cat","embeddable":true,"href":"https:\/\/shop.theophile-patachou.com\/nl\/wp-json\/wp\/v2\/product_cat?post=81277"},{"taxonomy":"product_tag","embeddable":true,"href":"https:\/\/shop.theophile-patachou.com\/nl\/wp-json\/wp\/v2\/product_tag?post=81277"}],"curies":[{"name":"wp","href":"https:\/\/api.w.org\/{rel}","templated":true}]}}